{"id":735,"date":"2022-02-24T14:11:37","date_gmt":"2022-02-24T14:11:37","guid":{"rendered":"https:\/\/irene-project.eu\/home\/"},"modified":"2024-02-29T09:15:50","modified_gmt":"2024-02-29T09:15:50","slug":"home","status":"publish","type":"page","link":"https:\/\/irene-project.eu\/pt-pt\/","title":{"rendered":"Home"},"content":{"rendered":"<h1>Aprendizagem Familiar para Promover Relacionamentos Positivos<\/h1>\n<p><img decoding=\"async\" src=\"\/wp-content\/uploads\/2022\/08\/hero-new-1.svg\" alt=\"\"><\/p>\n<h2>Sobre o projeto<\/h2>\n<div>\n<p>        <img decoding=\"async\" src=\"\/wp-content\/uploads\/2022\/06\/about.svg\" alt=\"\"><\/p>\n<div>O projeto IRENE surge da necessidade de oferecer uma resposta multidisciplinar e multicultural \u00e0s diferentes formas de viol\u00eancia que podem ocorrer no contexto familiar; tais como a viol\u00eancia de g\u00e9nero, o abuso infantil, a viol\u00eancia entre crian\u00e7as e pais, ou o abuso de idosos.<\/div>\n<p><a href=\"\/pt-pt\/about\">Ler mais<\/a><\/p>\n<\/div>\n<h2>\n<p><span>Programa para os pais<\/span><\/p>\n<\/h2>\n<div>\n<p>        <img decoding=\"async\" src=\"\/wp-content\/uploads\/2022\/12\/parents.svg\" alt=\"\"><\/p>\n<div>\n<p><span>O Programa para os Pais Constru\u00edrem Rela\u00e7\u00f5es Familiares Positivas aborda t\u00f3picos relacionados com<\/span><\/p>\n<ul>\n<li><span> Gest\u00e3o de conflitos na fam\u00edlia<\/span><\/li>\n<li><span> Construir rela\u00e7\u00f5es positivas<\/span><\/li>\n<li><span> Praticar o auto &#8211; cuidado<\/span><\/li>\n<\/ul>\n<\/div>\n<p><a href=\"\/pt-pt\/programme-for-parents\/\">Ler mais<\/a><\/p>\n<\/div>\n<h2>\n<p><span>Kit de ferramentas de aprendizagem familiar<\/span><\/p>\n<\/h2>\n<div>\n<p>        <img decoding=\"async\" src=\"\/wp-content\/uploads\/2022\/12\/family.svg\" alt=\"\"><\/p>\n<div>\n<p><span>O conjunto de ferramentas de Aprendizagem em Fam\u00edlia fornece recursos de aprendizagem apropriados para ajudar as crian\u00e7as, adolescentes e adultos da fam\u00edlia a construir din\u00e2micas familiares positivas.<\/span><\/p>\n<\/div>\n<p><a href=\"\/pt-pt\/family\/\">Ler mais<\/a><\/p>\n<\/div>\n<h2>\n<p><span>Forma\u00e7\u00e3o para Educadores<\/span><\/p>\n<\/h2>\n<div>\n<p>        <img decoding=\"async\" src=\"\/wp-content\/uploads\/2022\/06\/handbook.svg\" alt=\"\"><\/p>\n<div>\n<p><span>Atrav\u00e9s da se\u00e7\u00e3o de Forma\u00e7\u00e3o de Educadores, o apoio familiar de primeira linha e os educadores adultos das comunidades dos parceiros podem desenvolver as compet\u00eancias fornecidas para fornecer o conjunto completo de recursos de aprendizagem familiar atrav\u00e9s do nosso resultado final do projeto &#8211; Programa de Forma\u00e7\u00e3o em Servi\u00e7o para Educadores Adultos.<\/span><\/p>\n<\/div>\n<p><a href=\"\/pt-pt\/programme-for-parents\/\">Ler mais<\/a><\/p>\n<\/div>\n<h2>Novidades<\/h2>\n<div>\n<\/div>\n<p>\n    <a href=\"\/news\">View all news<\/a>\n<\/p>\n<p><!--more--><br \/>\n<!-- {\"type\":\"layout\",\"children\":[{\"type\":\"section\",\"props\":{\"style\":\"default\",\"width\":\"\",\"vertical_align\":\"middle\",\"title_position\":\"top-left\",\"title_rotation\":\"left\",\"title_breakpoint\":\"xl\",\"image_position\":\"center-center\",\"padding_remove_top\":true},\"children\":[{\"type\":\"row\",\"children\":[{\"type\":\"column\",\"props\":{\"position_sticky_breakpoint\":\"m\",\"image_position\":\"center-center\",\"media_overlay_gradient\":\"\",\"width_medium\":\"\"},\"children\":[{\"type\":\"headline\",\"props\":{\"title_element\":\"h1\",\"title_color\":\"success\",\"content\":\"Aprendizagem Familiar para Promover Relacionamentos Positivos\",\"title_style\":\"h2\",\"text_align\":\"center\",\"position\":\"absolute\",\"position_top\":\"60\",\"css\":\".el-element{color:#972686 !important}\\n\\n@media only screen and (max-width:960px) {\\n    .el-element{position:relative !important;\\n    margin-bottom: 60px !important;}\\n}\"}},{\"type\":\"image\",\"props\":{\"margin\":\"default\",\"image_svg_color\":\"emphasis\",\"image\":\"wp-content\\\/uploads\\\/2022\\\/08\\\/hero-new-1.svg\",\"css\":\"svg {width:100%}\"}}]}]}]},{\"type\":\"section\",\"props\":{\"style\":\"default\",\"width\":\"default\",\"vertical_align\":\"middle\",\"title_position\":\"top-left\",\"title_rotation\":\"left\",\"title_breakpoint\":\"xl\",\"image_position\":\"center-center\",\"padding\":\"small\"},\"children\":[{\"type\":\"row\",\"children\":[{\"type\":\"column\",\"props\":{\"position_sticky_breakpoint\":\"m\",\"image_position\":\"center-center\",\"media_overlay_gradient\":\"\"},\"children\":[{\"type\":\"headline\",\"props\":{\"title_element\":\"h2\",\"title_style\":\"h1\",\"title_color\":\"success\",\"text_align\":\"left\",\"content\":\"Sobre o projeto\",\"position\":\"relative\",\"position_left\":\"130\",\"class\":\"make-it-center\"}},{\"type\":\"panel\",\"props\":{\"link_text\":\"[readmore_text]\",\"title_hover_style\":\"reset\",\"title_element\":\"h3\",\"title_align\":\"top\",\"title_grid_width\":\"1-2\",\"title_grid_breakpoint\":\"m\",\"meta_style\":\"text-meta\",\"meta_align\":\"below-title\",\"meta_element\":\"div\",\"content_column_breakpoint\":\"m\",\"icon_width\":80,\"image_align\":\"left\",\"image_grid_width\":\"2-5\",\"image_grid_breakpoint\":\"m\",\"image_svg_color\":\"emphasis\",\"link_style\":\"primary\",\"margin\":\"default\",\"title\":\"\",\"content\":\"O projeto IRENE surge da necessidade de oferecer uma resposta multidisciplinar e multicultural \\u00e0s diferentes formas de viol\\u00eancia que podem ocorrer no contexto familiar; tais como a viol\\u00eancia de g\\u00e9nero, o abuso infantil, a viol\\u00eancia entre crian\\u00e7as e pais, ou o abuso de idosos.\",\"image\":\"wp-content\\\/uploads\\\/2022\\\/06\\\/about.svg\",\"title_color\":\"success\",\"link\":\"pt-pt\\\/about\",\"class\":\"panel-right-pink\"},\"name\":\"left-image-panel\"}]}]}]},{\"type\":\"section\",\"props\":{\"style\":\"default\",\"width\":\"default\",\"vertical_align\":\"middle\",\"title_position\":\"top-left\",\"title_rotation\":\"left\",\"title_breakpoint\":\"xl\",\"image_position\":\"center-center\",\"padding\":\"small\",\"status\":\"\"},\"children\":[{\"type\":\"row\",\"children\":[{\"type\":\"column\",\"props\":{\"position_sticky_breakpoint\":\"m\",\"image_position\":\"center-center\",\"media_overlay_gradient\":\"\"},\"children\":[{\"type\":\"headline\",\"props\":{\"title_element\":\"h2\",\"title_style\":\"h1\",\"title_color\":\"success\",\"text_align\":\"left\",\"content\":\"\n\n<p><span>Programa para os pais<\\\/span><\\\/p>\",\"position\":\"relative\",\"position_left\":\"130\",\"class\":\"make-it-center\"}},{\"type\":\"panel\",\"props\":{\"link_text\":\"[readmore_text]\",\"title_hover_style\":\"reset\",\"title_element\":\"h3\",\"title_align\":\"top\",\"title_grid_width\":\"1-2\",\"title_grid_breakpoint\":\"m\",\"meta_style\":\"text-meta\",\"meta_align\":\"below-title\",\"meta_element\":\"div\",\"content_column_breakpoint\":\"m\",\"icon_width\":80,\"image_align\":\"right\",\"image_grid_width\":\"2-5\",\"image_grid_breakpoint\":\"m\",\"image_svg_color\":\"emphasis\",\"link_style\":\"primary\",\"margin\":\"default\",\"title\":\"\",\"content\":\"\n\n<p><span>O Programa para os Pais Constru\\u00edrem Rela\\u00e7\\u00f5es Familiares Positivas aborda t\\u00f3picos relacionados com<\\\/span><\\\/p>\\n\n\n<ul>\\n\n\n<li><span> Gest\\u00e3o de conflitos na fam\\u00edlia<\\\/span><\\\/li>\\n\n\n<li><span> Construir rela\\u00e7\\u00f5es positivas<\\\/span><\\\/li>\\n\n\n<li><span> Praticar o auto - cuidado<\\\/span><\\\/li>\\n<\\\/ul>\",\"image\":\"wp-content\\\/uploads\\\/2022\\\/12\\\/parents.svg\",\"title_color\":\"success\",\"link\":\"pt-pt\\\/programme-for-parents\\\/\",\"class\":\"panel-right-pink left-panel-pink \"},\"name\":\"left-image-panel\"}]}]}],\"name\":\"1a\"},{\"type\":\"section\",\"props\":{\"style\":\"default\",\"width\":\"default\",\"vertical_align\":\"middle\",\"title_position\":\"top-left\",\"title_rotation\":\"left\",\"title_breakpoint\":\"xl\",\"image_position\":\"center-center\",\"padding\":\"small\"},\"children\":[{\"type\":\"row\",\"children\":[{\"type\":\"column\",\"props\":{\"position_sticky_breakpoint\":\"m\",\"image_position\":\"center-center\",\"media_overlay_gradient\":\"\"},\"children\":[{\"type\":\"headline\",\"props\":{\"title_element\":\"h2\",\"title_style\":\"h1\",\"title_color\":\"success\",\"text_align\":\"left\",\"content\":\"\n\n<p><span>Kit de ferramentas de aprendizagem familiar<\\\/span><\\\/p>\",\"position\":\"relative\",\"position_left\":\"130\",\"class\":\"make-it-center\"}},{\"type\":\"panel\",\"props\":{\"link_text\":\"[readmore_text]\",\"title_hover_style\":\"reset\",\"title_element\":\"h3\",\"title_align\":\"top\",\"title_grid_width\":\"1-2\",\"title_grid_breakpoint\":\"m\",\"meta_style\":\"text-meta\",\"meta_align\":\"below-title\",\"meta_element\":\"div\",\"content_column_breakpoint\":\"m\",\"icon_width\":80,\"image_align\":\"left\",\"image_grid_width\":\"2-5\",\"image_grid_breakpoint\":\"m\",\"image_svg_color\":\"emphasis\",\"link_style\":\"primary\",\"margin\":\"default\",\"title\":\"\",\"content\":\"\n\n<p><span>O conjunto de ferramentas de Aprendizagem em Fam\\u00edlia fornece recursos de aprendizagem apropriados para ajudar as crian\\u00e7as, adolescentes e adultos da fam\\u00edlia a construir din\\u00e2micas familiares positivas.<\\\/span><\\\/p>\",\"image\":\"wp-content\\\/uploads\\\/2022\\\/12\\\/family.svg\",\"title_color\":\"success\",\"link\":\"pt-pt\\\/family\\\/\",\"class\":\"panel-right-pink\",\"image_width\":\"600\",\"image_alt\":\"\",\"image_height\":\"600\"},\"name\":\"left-image-panel\"}]}]}],\"name\":\"2a\"},{\"type\":\"section\",\"props\":{\"style\":\"default\",\"width\":\"default\",\"vertical_align\":\"middle\",\"title_position\":\"top-left\",\"title_rotation\":\"left\",\"title_breakpoint\":\"xl\",\"image_position\":\"center-center\",\"padding\":\"small\",\"status\":\"\"},\"children\":[{\"type\":\"row\",\"children\":[{\"type\":\"column\",\"props\":{\"position_sticky_breakpoint\":\"m\",\"image_position\":\"center-center\",\"media_overlay_gradient\":\"\"},\"children\":[{\"type\":\"headline\",\"props\":{\"title_element\":\"h2\",\"title_style\":\"h1\",\"title_color\":\"success\",\"text_align\":\"left\",\"content\":\"\n\n<p><span>Forma\\u00e7\\u00e3o para Educadores<\\\/span><\\\/p>\",\"position\":\"relative\",\"position_left\":\"130\",\"class\":\"make-it-center\"}},{\"type\":\"panel\",\"props\":{\"link_text\":\"[readmore_text]\",\"title_hover_style\":\"reset\",\"title_element\":\"h3\",\"title_align\":\"top\",\"title_grid_width\":\"1-2\",\"title_grid_breakpoint\":\"m\",\"meta_style\":\"text-meta\",\"meta_align\":\"below-title\",\"meta_element\":\"div\",\"content_column_breakpoint\":\"m\",\"icon_width\":80,\"image_align\":\"right\",\"image_grid_width\":\"2-5\",\"image_grid_breakpoint\":\"m\",\"image_svg_color\":\"emphasis\",\"link_style\":\"primary\",\"margin\":\"default\",\"title\":\"\",\"content\":\"\n\n<p><span>Atrav\\u00e9s da se\\u00e7\\u00e3o de Forma\\u00e7\\u00e3o de Educadores, o apoio familiar de primeira linha e os educadores adultos das comunidades dos parceiros podem desenvolver as compet\\u00eancias fornecidas para fornecer o conjunto completo de recursos de aprendizagem familiar atrav\\u00e9s do nosso resultado final do projeto - Programa de Forma\\u00e7\\u00e3o em Servi\\u00e7o para Educadores Adultos.<\\\/span><\\\/p>\",\"image\":\"wp-content\\\/uploads\\\/2022\\\/06\\\/handbook.svg\",\"title_color\":\"success\",\"link\":\"pt-pt\\\/programme-for-parents\\\/\",\"class\":\"panel-right-pink left-panel-pink\"},\"name\":\"left-image-panel\"}]}]}],\"name\":\"3a\"},{\"type\":\"section\",\"props\":{\"style\":\"default\",\"width\":\"default\",\"vertical_align\":\"middle\",\"title_position\":\"top-left\",\"title_rotation\":\"left\",\"title_breakpoint\":\"xl\",\"image_position\":\"center-center\",\"css\":\".el-section{background-color:#faf4f9}\"},\"children\":[{\"type\":\"row\",\"children\":[{\"type\":\"column\",\"props\":{\"position_sticky_breakpoint\":\"m\",\"image_position\":\"center-center\",\"media_overlay_gradient\":\"\"},\"children\":[{\"type\":\"headline\",\"props\":{\"title_element\":\"h2\",\"title_style\":\"h2\",\"title_color\":\"success\",\"text_align\":\"center\",\"content\":\"[news_header]\"}},{\"type\":\"grid\",\"props\":{\"show_title\":true,\"show_meta\":true,\"show_content\":true,\"show_image\":true,\"show_link\":true,\"grid_default\":\"1\",\"grid_medium\":\"3\",\"filter_style\":\"tab\",\"filter_all\":true,\"filter_position\":\"top\",\"filter_align\":\"left\",\"filter_grid_width\":\"auto\",\"filter_grid_breakpoint\":\"m\",\"title_hover_style\":\"reset\",\"title_element\":\"h3\",\"title_align\":\"top\",\"title_grid_width\":\"1-2\",\"title_grid_breakpoint\":\"m\",\"meta_style\":\"text-meta\",\"meta_align\":\"below-title\",\"meta_element\":\"div\",\"content_column_breakpoint\":\"m\",\"icon_width\":80,\"image_align\":\"top\",\"image_grid_width\":\"1-2\",\"image_grid_breakpoint\":\"m\",\"image_svg_color\":\"emphasis\",\"link_text\":\"\",\"link_style\":\"secondary\",\"margin\":\"default\",\"item_animation\":true,\"panel_style\":\"card-default\",\"class\":\"news-grid\",\"panel_link\":true,\"css\":\".uk-child-width-1-1.uk-child-width-1-3\\\\@m.uk-grid-match.uk-grid {\\n  display: flex;\\n  justify-content: center;\\n}\",\"parallax_easing\":\"1\"},\"children\":[{\"type\":\"grid_item\",\"props\":{\"link_text\":\"\"},\"source\":{\"query\":{\"name\":\"posts.customPosts\",\"arguments\":{\"terms\":[10],\"category_operator\":\"IN\",\"post_tag_operator\":\"IN\",\"users\":[],\"users_operator\":\"IN\",\"offset\":0,\"limit\":10,\"order\":\"date\",\"order_direction\":\"DESC\"}},\"props\":{\"title\":{\"filters\":{\"search\":\"\"},\"name\":\"title\"},\"content\":{\"filters\":{\"search\":\"\"},\"name\":\"excerpt\"},\"image\":{\"filters\":{\"search\":\"\"},\"name\":\"featuredImage.url\"},\"link\":{\"filters\":{\"search\":\"\"},\"name\":\"link\"}}}}]},{\"type\":\"button\",\"props\":{\"grid_column_gap\":\"small\",\"grid_row_gap\":\"small\",\"margin\":\"default\",\"text_align\":\"center\"},\"children\":[{\"type\":\"button_item\",\"props\":{\"button_style\":\"primary\",\"icon_align\":\"left\",\"content\":\"[all_news_header]\",\"link\":\"news\"},\"source\":{\"query\":{\"name\":\"categories.customCategories\",\"arguments\":{\"id\":0,\"offset\":0,\"limit\":10,\"order\":\"term_order\",\"order_direction\":\"ASC\"}},\"props\":{\"_condition\":{\"filters\":{\"condition\":\">\",\"condition_value\":\"2\"},\"name\":\"count\"}}}}]}]}]}]},{\"type\":\"section\",\"props\":{\"style\":\"default\",\"width\":\"default\",\"vertical_align\":\"middle\",\"title_position\":\"top-left\",\"title_rotation\":\"left\",\"title_breakpoint\":\"xl\",\"image_position\":\"center-center\"},\"children\":[{\"type\":\"row\",\"children\":[{\"type\":\"column\",\"props\":{\"position_sticky_breakpoint\":\"m\",\"image_position\":\"center-center\",\"media_overlay_gradient\":\"\"},\"children\":[]}]}]}],\"version\":\"3.0.5\"} --><\/p>\n","protected":false},"excerpt":{"rendered":"<p>Aprendizagem Familiar para Promover Relacionamentos Positivos Sobre o projeto O projeto IRENE surge da necessidade de oferecer uma resposta multidisciplinar e multicultural \u00e0s diferentes formas..<\/p>\n","protected":false},"author":1,"featured_media":0,"parent":0,"menu_order":0,"comment_status":"closed","ping_status":"closed","template":"","meta":{"_acf_changed":false,"inline_featured_image":false,"footnotes":""},"class_list":["post-735","page","type-page","status-publish","hentry"],"acf":[],"_links":{"self":[{"href":"https:\/\/irene-project.eu\/pt-pt\/wp-json\/wp\/v2\/pages\/735","targetHints":{"allow":["GET"]}}],"collection":[{"href":"https:\/\/irene-project.eu\/pt-pt\/wp-json\/wp\/v2\/pages"}],"about":[{"href":"https:\/\/irene-project.eu\/pt-pt\/wp-json\/wp\/v2\/types\/page"}],"author":[{"embeddable":true,"href":"https:\/\/irene-project.eu\/pt-pt\/wp-json\/wp\/v2\/users\/1"}],"replies":[{"embeddable":true,"href":"https:\/\/irene-project.eu\/pt-pt\/wp-json\/wp\/v2\/comments?post=735"}],"version-history":[{"count":9,"href":"https:\/\/irene-project.eu\/pt-pt\/wp-json\/wp\/v2\/pages\/735\/revisions"}],"predecessor-version":[{"id":2319,"href":"https:\/\/irene-project.eu\/pt-pt\/wp-json\/wp\/v2\/pages\/735\/revisions\/2319"}],"wp:attachment":[{"href":"https:\/\/irene-project.eu\/pt-pt\/wp-json\/wp\/v2\/media?parent=735"}],"curies":[{"name":"wp","href":"https:\/\/api.w.org\/{rel}","templated":true}]}}