{"id":1173,"date":"2022-12-01T11:51:05","date_gmt":"2022-12-01T11:51:05","guid":{"rendered":"https:\/\/irene-project.eu\/training-for-educators\/"},"modified":"2024-02-29T11:51:48","modified_gmt":"2024-02-29T11:51:48","slug":"training-for-educators","status":"publish","type":"page","link":"https:\/\/irene-project.eu\/pt-pt\/training-for-educators\/","title":{"rendered":"Forma\u00e7\u00e3o para Educadores"},"content":{"rendered":"<h1>Workshop 1: Conhecimento te\u00f3rico sobre viol\u00eancia e abuso familiar na Europa<\/h1>\n<h1>Cara a cara<\/h1>\n<ul>\n<li>\n        <a href=\"https:\/\/irene-project.eu\/wp-content\/uploads\/2024\/02\/IRENE_1-27.doc\">Manual de aprendizagem<\/a>\n    <\/li>\n<li>\n        <a href=\"https:\/\/irene-project.eu\/wp-content\/uploads\/2024\/02\/IRENE_Workshop1-PT.pptx\">Apresenta\u00e7\u00e3o<\/a>\n    <\/li>\n<\/ul>\n<h1>Aprendizagem aut\u00f4noma<\/h1>\n<p>\n    <a href=\"https:\/\/irene-project.eu\/wp-content\/uploads\/2024\/02\/SELF-D1.doc\">Workshop 1: Conhecimento te\u00f3rico sobre viol\u00eancia e abuso familiar na Europa<\/a>\n<\/p>\n<h1>Workshop 2: O Modelo de Aprendizagem Familiar<\/h1>\n<h1>Cara a cara<\/h1>\n<ul>\n<li>\n        <a href=\"https:\/\/irene-project.eu\/wp-content\/uploads\/2024\/02\/IRENE_-Workshop-2_learning-manual-lesson-plan_-pt-PT.docx\">Manual de aprendizagem<\/a>\n    <\/li>\n<li>\n        <a href=\"https:\/\/irene-project.eu\/wp-content\/uploads\/2024\/02\/IRENE_Workshop2-VF_-PT.pptx\">Apresenta\u00e7\u00e3o<\/a>\n    <\/li>\n<\/ul>\n<h1>Aprendizagem aut\u00f4noma<\/h1>\n<p>\n    <a href=\"https:\/\/irene-project.eu\/wp-content\/uploads\/2024\/02\/Self-directed-learning-workshop-2-pt-PT.docx\">Workshop 2: O Modelo de Aprendizagem Familiar<\/a>\n<\/p>\n<h1> Workshop 3: I\u2019m capable to create my own Comic Books and Audiobooks <\/h1>\n<h1>Cara a cara<\/h1>\n<ul>\n<li>\n        <a href=\"https:\/\/irene-project.eu\/wp-content\/uploads\/2024\/02\/IRENE_1-28.doc\">Manual de aprendizagem<\/a>\n    <\/li>\n<li>\n        <a href=\"https:\/\/irene-project.eu\/wp-content\/uploads\/2024\/02\/IRENE_Workshop-3-pt-PT.pptx\">Apresenta\u00e7\u00e3o<\/a>\n    <\/li>\n<\/ul>\n<h1>Aprendizagem aut\u00f4noma<\/h1>\n<ul>\n<li>\n        <a href=\"https:\/\/irene-project.eu\/wp-content\/uploads\/2024\/02\/SELF-D2.doc\">Comicbook<\/a>\n    <\/li>\n<li>\n        <a href=\"https:\/\/irene-project.eu\/wp-content\/uploads\/2024\/02\/SELF-D1-1.doc\">Audiobook<\/a>\n    <\/li>\n<\/ul>\n<p><!--more--><br \/>\n<!-- {\"type\":\"layout\",\"children\":[{\"type\":\"section\",\"props\":{\"style\":\"default\",\"width\":\"default\",\"vertical_align\":\"\",\"title_position\":\"top-left\",\"title_rotation\":\"left\",\"title_breakpoint\":\"xl\",\"image_position\":\"center-center\",\"padding_remove_top\":true,\"height\":\"percent\"},\"children\":[{\"type\":\"row\",\"children\":[{\"type\":\"column\",\"props\":{\"position_sticky_breakpoint\":\"m\",\"image_position\":\"center-center\",\"media_overlay_gradient\":\"\"},\"children\":[{\"type\":\"headline\",\"props\":{\"title_element\":\"h1\",\"title_style\":\"h1\",\"title_color\":\"success\",\"text_align\":\"left\"},\"source\":{\"query\":{\"name\":\"pages.singlePage\"},\"props\":{\"content\":{\"filters\":{\"search\":\"\"},\"name\":\"title\"}}}}]}]},{\"type\":\"row\",\"children\":[{\"type\":\"column\",\"props\":{\"position_sticky_breakpoint\":\"m\",\"image_position\":\"center-center\",\"media_overlay_gradient\":\"\"},\"children\":[{\"type\":\"headline\",\"props\":{\"title_element\":\"h1\",\"title_style\":\"h4\",\"title_color\":\"success\",\"text_align\":\"left\",\"content\":\"Workshop 1: Conhecimento te\\u00f3rico sobre viol\\u00eancia e abuso familiar na Europa\"}},{\"type\":\"headline\",\"props\":{\"title_element\":\"h1\",\"title_style\":\"h5\",\"title_color\":\"success\",\"text_align\":\"left\",\"content\":\"Cara a cara\"}},{\"type\":\"button\",\"props\":{\"grid_column_gap\":\"small\",\"grid_row_gap\":\"small\",\"margin\":\"default\"},\"children\":[{\"type\":\"button_item\",\"props\":{\"button_style\":\"primary\",\"icon_align\":\"left\",\"content\":\"Manual de aprendizagem\",\"link\":\"https:\\\/\\\/irene-project.eu\\\/wp-content\\\/uploads\\\/2024\\\/02\\\/IRENE_1-27.doc\",\"link_target\":\"blank\"}},{\"type\":\"button_item\",\"props\":{\"button_style\":\"primary\",\"icon_align\":\"left\",\"content\":\"Apresenta\\u00e7\\u00e3o\",\"link\":\"https:\\\/\\\/irene-project.eu\\\/wp-content\\\/uploads\\\/2024\\\/02\\\/IRENE_Workshop1-PT.pptx\",\"link_target\":\"blank\"}}]},{\"type\":\"headline\",\"props\":{\"title_element\":\"h1\",\"title_style\":\"h5\",\"title_color\":\"success\",\"text_align\":\"left\",\"content\":\"Aprendizagem aut\\u00f4noma\"}},{\"type\":\"button\",\"props\":{\"grid_column_gap\":\"small\",\"grid_row_gap\":\"small\",\"margin\":\"default\"},\"children\":[{\"type\":\"button_item\",\"props\":{\"button_style\":\"primary\",\"icon_align\":\"left\",\"content\":\"Workshop 1: Conhecimento te\\u00f3rico sobre viol\\u00eancia e abuso familiar na Europa\",\"link\":\"https:\\\/\\\/irene-project.eu\\\/wp-content\\\/uploads\\\/2024\\\/02\\\/SELF-D1.doc\",\"link_target\":\"blank\"}}]}]}]},{\"type\":\"row\",\"children\":[{\"type\":\"column\",\"props\":{\"position_sticky_breakpoint\":\"m\",\"image_position\":\"center-center\",\"media_overlay_gradient\":\"\"},\"children\":[{\"type\":\"headline\",\"props\":{\"title_element\":\"h1\",\"title_style\":\"h4\",\"title_color\":\"success\",\"text_align\":\"left\",\"content\":\"Workshop 2: O Modelo de Aprendizagem Familiar\"}},{\"type\":\"headline\",\"props\":{\"title_element\":\"h1\",\"title_style\":\"h5\",\"title_color\":\"success\",\"text_align\":\"left\",\"content\":\"Cara a cara\"}},{\"type\":\"button\",\"props\":{\"grid_column_gap\":\"small\",\"grid_row_gap\":\"small\",\"margin\":\"default\"},\"children\":[{\"type\":\"button_item\",\"props\":{\"button_style\":\"primary\",\"icon_align\":\"left\",\"content\":\"Manual de aprendizagem\",\"link\":\"https:\\\/\\\/irene-project.eu\\\/wp-content\\\/uploads\\\/2024\\\/02\\\/IRENE_-Workshop-2_learning-manual-lesson-plan_-pt-PT.docx\",\"link_target\":\"blank\"}},{\"type\":\"button_item\",\"props\":{\"button_style\":\"primary\",\"icon_align\":\"left\",\"content\":\"Apresenta\\u00e7\\u00e3o\",\"link\":\"https:\\\/\\\/irene-project.eu\\\/wp-content\\\/uploads\\\/2024\\\/02\\\/IRENE_Workshop2-VF_-PT.pptx\",\"link_target\":\"blank\"}}]},{\"type\":\"headline\",\"props\":{\"title_element\":\"h1\",\"title_style\":\"h5\",\"title_color\":\"success\",\"text_align\":\"left\",\"content\":\"Aprendizagem aut\\u00f4noma\"}},{\"type\":\"button\",\"props\":{\"grid_column_gap\":\"small\",\"grid_row_gap\":\"small\",\"margin\":\"default\"},\"children\":[{\"type\":\"button_item\",\"props\":{\"button_style\":\"primary\",\"icon_align\":\"left\",\"content\":\"Workshop 2: O Modelo de Aprendizagem Familiar\",\"link\":\"https:\\\/\\\/irene-project.eu\\\/wp-content\\\/uploads\\\/2024\\\/02\\\/Self-directed-learning-workshop-2-pt-PT.docx\",\"link_target\":\"blank\"}}]}]}]},{\"type\":\"row\",\"children\":[{\"type\":\"column\",\"props\":{\"position_sticky_breakpoint\":\"m\",\"image_position\":\"center-center\",\"media_overlay_gradient\":\"\"},\"children\":[{\"type\":\"headline\",\"props\":{\"title_element\":\"h1\",\"title_style\":\"h4\",\"title_color\":\"success\",\"text_align\":\"left\",\"content\":\" Workshop 3: I\\u2019m capable to create my own Comic Books and Audiobooks \"}},{\"type\":\"headline\",\"props\":{\"title_element\":\"h1\",\"title_style\":\"h5\",\"title_color\":\"success\",\"text_align\":\"left\",\"content\":\"Cara a cara\"}},{\"type\":\"button\",\"props\":{\"grid_column_gap\":\"small\",\"grid_row_gap\":\"small\",\"margin\":\"default\"},\"children\":[{\"type\":\"button_item\",\"props\":{\"button_style\":\"primary\",\"icon_align\":\"left\",\"content\":\"Manual de aprendizagem\",\"link\":\"https:\\\/\\\/irene-project.eu\\\/wp-content\\\/uploads\\\/2024\\\/02\\\/IRENE_1-28.doc\",\"link_target\":\"blank\"}},{\"type\":\"button_item\",\"props\":{\"button_style\":\"primary\",\"icon_align\":\"left\",\"content\":\"Apresenta\\u00e7\\u00e3o\",\"link\":\"https:\\\/\\\/irene-project.eu\\\/wp-content\\\/uploads\\\/2024\\\/02\\\/IRENE_Workshop-3-pt-PT.pptx\",\"link_target\":\"blank\"}}]},{\"type\":\"headline\",\"props\":{\"title_element\":\"h1\",\"title_style\":\"h5\",\"title_color\":\"success\",\"text_align\":\"left\",\"content\":\"Aprendizagem aut\\u00f4noma\"}},{\"type\":\"button\",\"props\":{\"grid_column_gap\":\"small\",\"grid_row_gap\":\"small\",\"margin\":\"default\"},\"children\":[{\"type\":\"button_item\",\"props\":{\"button_style\":\"primary\",\"icon_align\":\"left\",\"content\":\"Comicbook\",\"link_target\":\"blank\",\"link\":\"https:\\\/\\\/irene-project.eu\\\/wp-content\\\/uploads\\\/2024\\\/02\\\/SELF-D2.doc\"}},{\"type\":\"button_item\",\"props\":{\"button_style\":\"primary\",\"icon_align\":\"left\",\"content\":\"Audiobook\",\"link_target\":\"blank\",\"link\":\"https:\\\/\\\/irene-project.eu\\\/wp-content\\\/uploads\\\/2024\\\/02\\\/SELF-D1-1.doc\"}}]}]}]}],\"name\":\"News\"}],\"version\":\"3.0.5\"} --><\/p>\n","protected":false},"excerpt":{"rendered":"<p>Workshop 1: Conhecimento te\u00f3rico sobre viol\u00eancia e abuso familiar na Europa Cara a cara Manual de aprendizagem Apresenta\u00e7\u00e3o Aprendizagem aut\u00f4noma Workshop 1: Conhecimento te\u00f3rico sobre..<\/p>\n","protected":false},"author":1,"featured_media":0,"parent":0,"menu_order":0,"comment_status":"closed","ping_status":"closed","template":"","meta":{"_acf_changed":false,"inline_featured_image":false,"footnotes":""},"class_list":["post-1173","page","type-page","status-publish","hentry"],"acf":[],"_links":{"self":[{"href":"https:\/\/irene-project.eu\/pt-pt\/wp-json\/wp\/v2\/pages\/1173","targetHints":{"allow":["GET"]}}],"collection":[{"href":"https:\/\/irene-project.eu\/pt-pt\/wp-json\/wp\/v2\/pages"}],"about":[{"href":"https:\/\/irene-project.eu\/pt-pt\/wp-json\/wp\/v2\/types\/page"}],"author":[{"embeddable":true,"href":"https:\/\/irene-project.eu\/pt-pt\/wp-json\/wp\/v2\/users\/1"}],"replies":[{"embeddable":true,"href":"https:\/\/irene-project.eu\/pt-pt\/wp-json\/wp\/v2\/comments?post=1173"}],"version-history":[{"count":7,"href":"https:\/\/irene-project.eu\/pt-pt\/wp-json\/wp\/v2\/pages\/1173\/revisions"}],"predecessor-version":[{"id":3993,"href":"https:\/\/irene-project.eu\/pt-pt\/wp-json\/wp\/v2\/pages\/1173\/revisions\/3993"}],"wp:attachment":[{"href":"https:\/\/irene-project.eu\/pt-pt\/wp-json\/wp\/v2\/media?parent=1173"}],"curies":[{"name":"wp","href":"https:\/\/api.w.org\/{rel}","templated":true}]}}