{"id":1167,"date":"2022-12-01T11:41:59","date_gmt":"2022-12-01T11:41:59","guid":{"rendered":"https:\/\/irene-project.eu\/programme-for-parents\/"},"modified":"2024-02-29T10:53:59","modified_gmt":"2024-02-29T10:53:59","slug":"programme-for-parents","status":"publish","type":"page","link":"https:\/\/irene-project.eu\/pt-pt\/programme-for-parents\/","title":{"rendered":"Programa para os pais"},"content":{"rendered":"<h1>Estudos de caso<\/h1>\n<ul>\n<li>\n        <a href=\"https:\/\/irene-project.eu\/wp-content\/uploads\/2024\/02\/CASE-1-CHILDREN.docx\">Caso n.\u00ba 1 Conflito entre pais e filhos <\/a>\n    <\/li>\n<li>\n        <a href=\"https:\/\/irene-project.eu\/wp-content\/uploads\/2024\/02\/CASE-2-TEENAGER.docx\">Caso n\u00ba 2 Conflito entre os pais e o adolescente. <\/a>\n    <\/li>\n<li>\n        <a href=\"https:\/\/irene-project.eu\/wp-content\/uploads\/2024\/02\/CASE-3-GRANDPARENTS.docx\">Caso n\u00ba 3 Conflito com os av\u00f3s<\/a>\n    <\/li>\n<\/ul>\n<h1>Workshops presenciais para pais<\/h1>\n<h1>Workshop 1 &#8211; Construindo Relacionamentos Familiares Positivos<\/h1>\n<ul>\n<li>\n        <a href=\"https:\/\/irene-project.eu\/wp-content\/uploads\/2024\/02\/IRENE_1-21.doc\">Plano de aula<\/a>\n    <\/li>\n<li>\n        <a href=\"https:\/\/irene-project.eu\/wp-content\/uploads\/2024\/02\/WORKSH1-1.ppt\">Apresenta\u00e7\u00e3o 1<\/a>\n    <\/li>\n<li>\n        <a href=\"https:\/\/irene-project.eu\/wp-content\/uploads\/2024\/02\/WORKSH1-1.doc\">Folheto 1.1<\/a>\n    <\/li>\n<li>\n        <a href=\"https:\/\/irene-project.eu\/wp-content\/uploads\/2024\/02\/IRENE_1-22.doc\">Folheto 1.2<\/a>\n    <\/li>\n<li>\n        <a href=\"https:\/\/irene-project.eu\/wp-content\/uploads\/2024\/02\/WORKSH1-2.ppt\">Apresenta\u00e7\u00e3o 2<\/a>\n    <\/li>\n<li>\n        <a href=\"https:\/\/irene-project.eu\/wp-content\/uploads\/2024\/02\/IRENE_2-9.doc\">Folheto 1.3<\/a>\n    <\/li>\n<li>\n        <a href=\"https:\/\/irene-project.eu\/wp-content\/uploads\/2024\/02\/IRENE_1-23.doc\">Folheto 1.4<\/a>\n    <\/li>\n<\/ul>\n<h1>Workshop 2 &#8211; Gest\u00e3o e resolu\u00e7\u00e3o de conflitos nas fam\u00edlias<\/h1>\n<ul>\n<li>\n        <a href=\"https:\/\/irene-project.eu\/wp-content\/uploads\/2024\/02\/IRENE_1-24.doc\">Plano de aula<\/a>\n    <\/li>\n<li>\n        <a href=\"https:\/\/irene-project.eu\/wp-content\/uploads\/2024\/02\/WORKSH1-3.ppt\">Apresenta\u00e7\u00e3o 1<\/a>\n    <\/li>\n<li>\n        <a href=\"https:\/\/irene-project.eu\/wp-content\/uploads\/2024\/02\/IRENE_1-26.doc\">Folheto 2.1<\/a>\n    <\/li>\n<li>\n        <a href=\"https:\/\/irene-project.eu\/wp-content\/uploads\/2024\/02\/IRENE_1-6.ppt\">Apresenta\u00e7\u00e3o 2<\/a>\n    <\/li>\n<li>\n        <a href=\"https:\/\/irene-project.eu\/wp-content\/uploads\/2024\/02\/IRENE_2-10.doc\">Folheto 2.2<\/a>\n    <\/li>\n<li>\n        <a href=\"https:\/\/irene-project.eu\/wp-content\/uploads\/2024\/02\/IRENE_1-25.doc\">Folheto 2.3<\/a>\n    <\/li>\n<\/ul>\n<h1>Workshop 3 &#8211; Autocuidado e manuten\u00e7\u00e3o do bem-estar emocional e mental<\/h1>\n<ul>\n<li>\n        <a href=\"https:\/\/irene-project.eu\/wp-content\/uploads\/2024\/02\/LESSON1.doc\">Plano de aula<\/a>\n    <\/li>\n<li>\n        <a href=\"https:\/\/irene-project.eu\/wp-content\/uploads\/2024\/02\/WELLBE1-6.ppt\">Apresenta\u00e7\u00e3o 1<\/a>\n    <\/li>\n<li>\n        <a href=\"https:\/\/irene-project.eu\/wp-content\/uploads\/2024\/02\/WELLBE1-7.ppt\">Apresenta\u00e7\u00e3o 2<\/a>\n    <\/li>\n<li>\n        <a href=\"https:\/\/irene-project.eu\/wp-content\/uploads\/2024\/02\/HANDOU2-3.doc\">Folheto 3.1<\/a>\n    <\/li>\n<li>\n        <a href=\"https:\/\/irene-project.eu\/wp-content\/uploads\/2024\/02\/HANDOU1-3.doc\">Folheto 3.2<\/a>\n    <\/li>\n<\/ul>\n<h1>Atividades de autorreflex\u00e3o<\/h1>\n<ul>\n<li>\n        <a href=\"https:\/\/irene-project.eu\/wp-content\/uploads\/2024\/02\/SELF-REFLECTION-NR-1_solving-conflicts-pt-PT.docx\">Atividade 1<\/a>\n    <\/li>\n<li>\n        <a href=\"https:\/\/irene-project.eu\/wp-content\/uploads\/2024\/02\/SELF-REFLECTION-NR-2_building-positive-relations-pt-PT.docx\">Atividade 2<\/a>\n    <\/li>\n<li>\n        <a href=\"https:\/\/irene-project.eu\/wp-content\/uploads\/2024\/02\/SELF-REFLECTION-NR-3_selfcare-pt-PT.docx\">Atividade 3<\/a>\n    <\/li>\n<\/ul>\n<p><!--more--><br \/>\n<!-- {\"type\":\"layout\",\"children\":[{\"type\":\"section\",\"props\":{\"style\":\"default\",\"width\":\"default\",\"vertical_align\":\"\",\"title_position\":\"top-left\",\"title_rotation\":\"left\",\"title_breakpoint\":\"xl\",\"image_position\":\"center-center\",\"padding_remove_top\":true,\"height\":\"percent\"},\"children\":[{\"type\":\"row\",\"children\":[{\"type\":\"column\",\"props\":{\"position_sticky_breakpoint\":\"m\",\"image_position\":\"center-center\",\"media_overlay_gradient\":\"\"},\"children\":[{\"type\":\"headline\",\"props\":{\"title_element\":\"h1\",\"title_style\":\"h1\",\"title_color\":\"success\",\"text_align\":\"left\"},\"source\":{\"query\":{\"name\":\"pages.singlePage\"},\"props\":{\"content\":{\"filters\":{\"search\":\"\"},\"name\":\"title\"}}}}]}]},{\"type\":\"row\",\"children\":[{\"type\":\"column\",\"props\":{\"position_sticky_breakpoint\":\"m\",\"image_position\":\"center-center\",\"media_overlay_gradient\":\"\"},\"children\":[{\"type\":\"headline\",\"props\":{\"title_element\":\"h1\",\"title_style\":\"h4\",\"title_color\":\"success\",\"text_align\":\"left\",\"content\":\"Estudos de caso\"}},{\"type\":\"button\",\"props\":{\"grid_column_gap\":\"small\",\"grid_row_gap\":\"small\",\"margin\":\"default\"},\"children\":[{\"type\":\"button_item\",\"props\":{\"button_style\":\"primary\",\"icon_align\":\"left\",\"content\":\"Caso n.\\u00ba 1 Conflito entre pais e filhos \",\"link\":\"https:\\\/\\\/irene-project.eu\\\/wp-content\\\/uploads\\\/2024\\\/02\\\/CASE-1-CHILDREN.docx\",\"link_target\":\"blank\"}},{\"type\":\"button_item\",\"props\":{\"button_style\":\"primary\",\"icon_align\":\"left\",\"content\":\"Caso n\\u00ba 2 Conflito entre os pais e o adolescente. \",\"link\":\"https:\\\/\\\/irene-project.eu\\\/wp-content\\\/uploads\\\/2024\\\/02\\\/CASE-2-TEENAGER.docx\",\"link_target\":\"blank\"}},{\"type\":\"button_item\",\"props\":{\"button_style\":\"primary\",\"icon_align\":\"left\",\"content\":\"Caso n\\u00ba 3 Conflito com os av\\u00f3s\",\"link\":\"https:\\\/\\\/irene-project.eu\\\/wp-content\\\/uploads\\\/2024\\\/02\\\/CASE-3-GRANDPARENTS.docx\",\"link_target\":\"blank\"}}]}]}]},{\"type\":\"row\",\"children\":[{\"type\":\"column\",\"props\":{\"position_sticky_breakpoint\":\"m\",\"image_position\":\"center-center\",\"media_overlay_gradient\":\"\"},\"children\":[{\"type\":\"headline\",\"props\":{\"title_element\":\"h1\",\"title_style\":\"h4\",\"title_color\":\"success\",\"text_align\":\"left\",\"content\":\"Workshops presenciais para pais\"}}]}]},{\"type\":\"row\",\"children\":[{\"type\":\"column\",\"props\":{\"position_sticky_breakpoint\":\"m\",\"image_position\":\"center-center\",\"media_overlay_gradient\":\"\"},\"children\":[{\"type\":\"headline\",\"props\":{\"title_element\":\"h1\",\"title_style\":\"h5\",\"title_color\":\"success\",\"text_align\":\"left\",\"content\":\"Workshop 1 - Construindo Relacionamentos Familiares Positivos\",\"margin_remove_top\":true}},{\"type\":\"button\",\"props\":{\"grid_column_gap\":\"small\",\"grid_row_gap\":\"small\",\"margin\":\"default\"},\"children\":[{\"type\":\"button_item\",\"props\":{\"button_style\":\"primary\",\"icon_align\":\"left\",\"content\":\"Plano de aula\",\"link\":\"https:\\\/\\\/irene-project.eu\\\/wp-content\\\/uploads\\\/2024\\\/02\\\/IRENE_1-21.doc\",\"link_target\":\"blank\"}},{\"type\":\"button_item\",\"props\":{\"button_style\":\"primary\",\"icon_align\":\"left\",\"content\":\"Apresenta\\u00e7\\u00e3o 1\",\"link\":\"https:\\\/\\\/irene-project.eu\\\/wp-content\\\/uploads\\\/2024\\\/02\\\/WORKSH1-1.ppt\",\"link_target\":\"blank\"}},{\"type\":\"button_item\",\"props\":{\"button_style\":\"primary\",\"icon_align\":\"left\",\"content\":\"Folheto 1.1\",\"link\":\"https:\\\/\\\/irene-project.eu\\\/wp-content\\\/uploads\\\/2024\\\/02\\\/WORKSH1-1.doc\",\"link_target\":\"blank\"}},{\"type\":\"button_item\",\"props\":{\"button_style\":\"primary\",\"icon_align\":\"left\",\"content\":\"Folheto 1.2\",\"link\":\"https:\\\/\\\/irene-project.eu\\\/wp-content\\\/uploads\\\/2024\\\/02\\\/IRENE_1-22.doc\",\"link_target\":\"blank\"}},{\"type\":\"button_item\",\"props\":{\"button_style\":\"primary\",\"icon_align\":\"left\",\"content\":\"Apresenta\\u00e7\\u00e3o 2\",\"link\":\"https:\\\/\\\/irene-project.eu\\\/wp-content\\\/uploads\\\/2024\\\/02\\\/WORKSH1-2.ppt\",\"link_target\":\"blank\"}},{\"type\":\"button_item\",\"props\":{\"button_style\":\"primary\",\"icon_align\":\"left\",\"content\":\"Folheto 1.3\",\"link\":\"https:\\\/\\\/irene-project.eu\\\/wp-content\\\/uploads\\\/2024\\\/02\\\/IRENE_2-9.doc\",\"link_target\":\"blank\"}},{\"type\":\"button_item\",\"props\":{\"button_style\":\"primary\",\"icon_align\":\"left\",\"content\":\"Folheto 1.4\",\"link\":\"https:\\\/\\\/irene-project.eu\\\/wp-content\\\/uploads\\\/2024\\\/02\\\/IRENE_1-23.doc\",\"link_target\":\"blank\"}}]}]}]},{\"type\":\"row\",\"children\":[{\"type\":\"column\",\"props\":{\"position_sticky_breakpoint\":\"m\",\"image_position\":\"center-center\",\"media_overlay_gradient\":\"\"},\"children\":[{\"type\":\"headline\",\"props\":{\"title_element\":\"h1\",\"title_style\":\"h5\",\"title_color\":\"success\",\"text_align\":\"left\",\"content\":\"Workshop 2 - Gest\\u00e3o e resolu\\u00e7\\u00e3o de conflitos nas fam\\u00edlias\",\"margin_remove_top\":true}},{\"type\":\"button\",\"props\":{\"grid_column_gap\":\"small\",\"grid_row_gap\":\"small\",\"margin\":\"default\"},\"children\":[{\"type\":\"button_item\",\"props\":{\"button_style\":\"primary\",\"icon_align\":\"left\",\"content\":\"Plano de aula\",\"link\":\"https:\\\/\\\/irene-project.eu\\\/wp-content\\\/uploads\\\/2024\\\/02\\\/IRENE_1-24.doc\",\"link_target\":\"blank\"}},{\"type\":\"button_item\",\"props\":{\"button_style\":\"primary\",\"icon_align\":\"left\",\"content\":\"Apresenta\\u00e7\\u00e3o 1\",\"link\":\"https:\\\/\\\/irene-project.eu\\\/wp-content\\\/uploads\\\/2024\\\/02\\\/WORKSH1-3.ppt\",\"link_target\":\"blank\"}},{\"type\":\"button_item\",\"props\":{\"button_style\":\"primary\",\"icon_align\":\"left\",\"content\":\"Folheto 2.1\",\"link\":\"https:\\\/\\\/irene-project.eu\\\/wp-content\\\/uploads\\\/2024\\\/02\\\/IRENE_1-26.doc\",\"link_target\":\"blank\"}},{\"type\":\"button_item\",\"props\":{\"button_style\":\"primary\",\"icon_align\":\"left\",\"content\":\"Apresenta\\u00e7\\u00e3o 2\",\"link\":\"https:\\\/\\\/irene-project.eu\\\/wp-content\\\/uploads\\\/2024\\\/02\\\/IRENE_1-6.ppt\",\"link_target\":\"blank\"}},{\"type\":\"button_item\",\"props\":{\"button_style\":\"primary\",\"icon_align\":\"left\",\"content\":\"Folheto 2.2\",\"link\":\"https:\\\/\\\/irene-project.eu\\\/wp-content\\\/uploads\\\/2024\\\/02\\\/IRENE_2-10.doc\",\"link_target\":\"blank\"}},{\"type\":\"button_item\",\"props\":{\"button_style\":\"primary\",\"icon_align\":\"left\",\"content\":\"Folheto 2.3\",\"link\":\"https:\\\/\\\/irene-project.eu\\\/wp-content\\\/uploads\\\/2024\\\/02\\\/IRENE_1-25.doc\",\"link_target\":\"blank\"}}]}]}]},{\"type\":\"row\",\"children\":[{\"type\":\"column\",\"props\":{\"position_sticky_breakpoint\":\"m\",\"image_position\":\"center-center\",\"media_overlay_gradient\":\"\"},\"children\":[{\"type\":\"headline\",\"props\":{\"title_element\":\"h1\",\"title_style\":\"h5\",\"title_color\":\"success\",\"text_align\":\"left\",\"content\":\"Workshop 3 - Autocuidado e manuten\\u00e7\\u00e3o do bem-estar emocional e mental\",\"margin_remove_top\":true}},{\"type\":\"button\",\"props\":{\"grid_column_gap\":\"small\",\"grid_row_gap\":\"small\",\"margin\":\"default\"},\"children\":[{\"type\":\"button_item\",\"props\":{\"button_style\":\"primary\",\"icon_align\":\"left\",\"content\":\"Plano de aula\",\"link\":\"https:\\\/\\\/irene-project.eu\\\/wp-content\\\/uploads\\\/2024\\\/02\\\/LESSON1.doc\",\"link_target\":\"blank\"}},{\"type\":\"button_item\",\"props\":{\"button_style\":\"primary\",\"icon_align\":\"left\",\"content\":\"Apresenta\\u00e7\\u00e3o 1\",\"link\":\"https:\\\/\\\/irene-project.eu\\\/wp-content\\\/uploads\\\/2024\\\/02\\\/WELLBE1-6.ppt\",\"link_target\":\"blank\"}},{\"type\":\"button_item\",\"props\":{\"button_style\":\"primary\",\"icon_align\":\"left\",\"content\":\"Apresenta\\u00e7\\u00e3o 2\",\"link\":\"https:\\\/\\\/irene-project.eu\\\/wp-content\\\/uploads\\\/2024\\\/02\\\/WELLBE1-7.ppt\",\"link_target\":\"blank\"}},{\"type\":\"button_item\",\"props\":{\"button_style\":\"primary\",\"icon_align\":\"left\",\"content\":\"Folheto 3.1\",\"link\":\"https:\\\/\\\/irene-project.eu\\\/wp-content\\\/uploads\\\/2024\\\/02\\\/HANDOU2-3.doc\",\"link_target\":\"blank\"}},{\"type\":\"button_item\",\"props\":{\"button_style\":\"primary\",\"icon_align\":\"left\",\"content\":\"Folheto 3.2\",\"link\":\"https:\\\/\\\/irene-project.eu\\\/wp-content\\\/uploads\\\/2024\\\/02\\\/HANDOU1-3.doc\",\"link_target\":\"blank\"}}]}]}]},{\"type\":\"row\",\"children\":[{\"type\":\"column\",\"props\":{\"position_sticky_breakpoint\":\"m\",\"image_position\":\"center-center\",\"media_overlay_gradient\":\"\"},\"children\":[{\"type\":\"headline\",\"props\":{\"title_element\":\"h1\",\"title_style\":\"h4\",\"title_color\":\"success\",\"text_align\":\"left\",\"content\":\"Atividades de autorreflex\\u00e3o\"}},{\"type\":\"button\",\"props\":{\"grid_column_gap\":\"small\",\"grid_row_gap\":\"small\",\"margin\":\"default\"},\"children\":[{\"type\":\"button_item\",\"props\":{\"button_style\":\"primary\",\"icon_align\":\"left\",\"content\":\"Atividade 1\",\"link\":\"https:\\\/\\\/irene-project.eu\\\/wp-content\\\/uploads\\\/2024\\\/02\\\/SELF-REFLECTION-NR-1_solving-conflicts-pt-PT.docx\",\"link_target\":\"blank\"}},{\"type\":\"button_item\",\"props\":{\"button_style\":\"primary\",\"icon_align\":\"left\",\"content\":\"Atividade 2\",\"link\":\"https:\\\/\\\/irene-project.eu\\\/wp-content\\\/uploads\\\/2024\\\/02\\\/SELF-REFLECTION-NR-2_building-positive-relations-pt-PT.docx\",\"link_target\":\"blank\"}},{\"type\":\"button_item\",\"props\":{\"button_style\":\"primary\",\"icon_align\":\"left\",\"content\":\"Atividade 3\",\"link\":\"https:\\\/\\\/irene-project.eu\\\/wp-content\\\/uploads\\\/2024\\\/02\\\/SELF-REFLECTION-NR-3_selfcare-pt-PT.docx\",\"link_target\":\"blank\"}}]}]}]}],\"name\":\"News\"}],\"version\":\"3.0.5\"} --><\/p>\n","protected":false},"excerpt":{"rendered":"<p>Estudos de caso Caso n.\u00ba 1 Conflito entre pais e filhos Caso n\u00ba 2 Conflito entre os pais e o adolescente. Caso n\u00ba 3 Conflito..<\/p>\n","protected":false},"author":1,"featured_media":0,"parent":0,"menu_order":0,"comment_status":"closed","ping_status":"closed","template":"","meta":{"_acf_changed":false,"inline_featured_image":false,"footnotes":""},"class_list":["post-1167","page","type-page","status-publish","hentry"],"acf":[],"_links":{"self":[{"href":"https:\/\/irene-project.eu\/pt-pt\/wp-json\/wp\/v2\/pages\/1167","targetHints":{"allow":["GET"]}}],"collection":[{"href":"https:\/\/irene-project.eu\/pt-pt\/wp-json\/wp\/v2\/pages"}],"about":[{"href":"https:\/\/irene-project.eu\/pt-pt\/wp-json\/wp\/v2\/types\/page"}],"author":[{"embeddable":true,"href":"https:\/\/irene-project.eu\/pt-pt\/wp-json\/wp\/v2\/users\/1"}],"replies":[{"embeddable":true,"href":"https:\/\/irene-project.eu\/pt-pt\/wp-json\/wp\/v2\/comments?post=1167"}],"version-history":[{"count":9,"href":"https:\/\/irene-project.eu\/pt-pt\/wp-json\/wp\/v2\/pages\/1167\/revisions"}],"predecessor-version":[{"id":3533,"href":"https:\/\/irene-project.eu\/pt-pt\/wp-json\/wp\/v2\/pages\/1167\/revisions\/3533"}],"wp:attachment":[{"href":"https:\/\/irene-project.eu\/pt-pt\/wp-json\/wp\/v2\/media?parent=1167"}],"curies":[{"name":"wp","href":"https:\/\/api.w.org\/{rel}","templated":true}]}}