{"id":1161,"date":"2022-12-01T11:40:24","date_gmt":"2022-12-01T11:40:24","guid":{"rendered":"https:\/\/irene-project.eu\/family\/"},"modified":"2024-02-29T09:23:46","modified_gmt":"2024-02-29T09:23:46","slug":"family","status":"publish","type":"page","link":"https:\/\/irene-project.eu\/pt-pt\/family\/","title":{"rendered":"Kit de ferramentas de aprendizagem familiar"},"content":{"rendered":"<h1>Revistas Digitais<\/h1>\n<h1>1. LIBERDADE PARA SER EU<br \/>\nPR\u00d3PRIO<\/h1>\n<ul>\n<li>\n        <a href=\"https:\/\/irene-project.eu\/wp-content\/uploads\/2024\/02\/IRENE_PR3_DigitalMagazine_Self-Expression_Intro_PT.pdf\">Intro<\/a>\n    <\/li>\n<li>\n        <a href=\"https:\/\/irene-project.eu\/wp-content\/uploads\/2024\/02\/IRENE_PR3_DigitalMagazine_Self-Expression_Advance_PT.pdf\">Advance<\/a>\n    <\/li>\n<\/ul>\n<h1>2. COMUNICA\u00c7\u00c3O<\/h1>\n<ul>\n<li>\n        <a href=\"https:\/\/irene-project.eu\/wp-content\/uploads\/2024\/02\/IRENE_PR3_DigitalMagazine_Communication_Intro_PT.pdf\">Intro<\/a>\n    <\/li>\n<li>\n        <a href=\"https:\/\/irene-project.eu\/wp-content\/uploads\/2024\/02\/IRENE_PR3_DigitalMagazine_Communication_Advance_PT.pdf\">Advance<\/a>\n    <\/li>\n<\/ul>\n<h1>3. RESPEITO M\u00daTUO<br \/>\nE LIMITES<br \/>\nPESSOAIS<\/h1>\n<ul>\n<li>\n        <a href=\"https:\/\/irene-project.eu\/wp-content\/uploads\/2024\/02\/IRENE_PR3_DigitalMagazine_Respect_Intro_PT.pdf\">Intro<\/a>\n    <\/li>\n<li>\n        <a href=\"https:\/\/irene-project.eu\/wp-content\/uploads\/2024\/02\/IRENE_PR3_DigitalMagazine_Respect_Advance_PT.pdf\">Advance<\/a>\n    <\/li>\n<\/ul>\n<h1>4. A IMPORT\u00c2NCIA<br \/>\nDO TEMPO PARA<br \/>\nMIM<\/h1>\n<ul>\n<li>\n        <a href=\"https:\/\/irene-project.eu\/wp-content\/uploads\/2024\/02\/IRENE_PR3_DigitalMagazine_MeTime_Intro_PT.pdf\">Intro<\/a>\n    <\/li>\n<li>\n        <a href=\"https:\/\/irene-project.eu\/wp-content\/uploads\/2024\/02\/IRENE_PR3_DigitalMagazine_MeTime_Advance_PT.pdf\">Advance<\/a>\n    <\/li>\n<\/ul>\n<h1>5. RESOLU\u00c7\u00c3O DE<br \/>\nCONFLITOS<\/h1>\n<ul>\n<li>\n        <a href=\"https:\/\/irene-project.eu\/wp-content\/uploads\/2024\/02\/IRENE_PR3_DigitalMagazine_Conflicts_Intro_PT.pdf\">Intro<\/a>\n    <\/li>\n<li>\n        <a href=\"https:\/\/irene-project.eu\/wp-content\/uploads\/2024\/02\/IRENE_PR3_DigitalMagazine_Conflicts_Advance_PT.pdf\">Advance<\/a>\n    <\/li>\n<\/ul>\n<h1>BANDA OESENHAOA<\/h1>\n<p>\n    <a href=\"https:\/\/irene-project.eu\/wp-content\/uploads\/2024\/02\/IRENE_PR3_COMICS_PT.pdf\">&#8220;FALAR TORNA-NOS MAIS FORTES&#8221;<\/a>\n<\/p>\n<p><!--more--><br \/>\n<!-- {\"type\":\"layout\",\"children\":[{\"type\":\"section\",\"props\":{\"style\":\"default\",\"width\":\"default\",\"vertical_align\":\"\",\"title_position\":\"top-left\",\"title_rotation\":\"left\",\"title_breakpoint\":\"xl\",\"image_position\":\"center-center\",\"padding_remove_top\":true,\"height\":\"percent\"},\"children\":[{\"type\":\"row\",\"children\":[{\"type\":\"column\",\"props\":{\"position_sticky_breakpoint\":\"m\",\"image_position\":\"center-center\",\"media_overlay_gradient\":\"\"},\"children\":[{\"type\":\"headline\",\"props\":{\"title_element\":\"h1\",\"title_style\":\"h1\",\"title_color\":\"success\",\"text_align\":\"left\"},\"source\":{\"query\":{\"name\":\"pages.singlePage\"},\"props\":{\"content\":{\"filters\":{\"search\":\"\"},\"name\":\"title\"}}}}]}]},{\"type\":\"row\",\"children\":[{\"type\":\"column\",\"props\":{\"position_sticky_breakpoint\":\"m\",\"image_position\":\"center-center\",\"media_overlay_gradient\":\"\"},\"children\":[{\"type\":\"headline\",\"props\":{\"title_element\":\"h1\",\"title_style\":\"h4\",\"title_color\":\"success\",\"text_align\":\"left\",\"content\":\"Revistas Digitais\"}}]}]},{\"type\":\"row\",\"children\":[{\"type\":\"column\",\"props\":{\"position_sticky_breakpoint\":\"m\",\"image_position\":\"center-center\",\"media_overlay_gradient\":\"\"},\"children\":[{\"type\":\"headline\",\"props\":{\"title_element\":\"h1\",\"title_style\":\"h5\",\"title_color\":\"success\",\"text_align\":\"left\",\"content\":\"1. LIBERDADE PARA SER EU\\nPR\\u00d3PRIO\",\"margin_remove_top\":true}},{\"type\":\"button\",\"props\":{\"grid_column_gap\":\"small\",\"grid_row_gap\":\"small\",\"margin\":\"default\"},\"children\":[{\"type\":\"button_item\",\"props\":{\"button_style\":\"primary\",\"icon_align\":\"left\",\"content\":\"Intro\",\"link\":\"https:\\\/\\\/irene-project.eu\\\/wp-content\\\/uploads\\\/2024\\\/02\\\/IRENE_PR3_DigitalMagazine_Self-Expression_Intro_PT.pdf\",\"link_target\":\"blank\"}},{\"type\":\"button_item\",\"props\":{\"button_style\":\"primary\",\"icon_align\":\"left\",\"content\":\"Advance\",\"link\":\"https:\\\/\\\/irene-project.eu\\\/wp-content\\\/uploads\\\/2024\\\/02\\\/IRENE_PR3_DigitalMagazine_Self-Expression_Advance_PT.pdf\",\"link_target\":\"blank\"}}]}]}]},{\"type\":\"row\",\"children\":[{\"type\":\"column\",\"props\":{\"position_sticky_breakpoint\":\"m\",\"image_position\":\"center-center\",\"media_overlay_gradient\":\"\"},\"children\":[{\"type\":\"headline\",\"props\":{\"title_element\":\"h1\",\"title_style\":\"h5\",\"title_color\":\"success\",\"text_align\":\"left\",\"content\":\"2. COMUNICA\\u00c7\\u00c3O\",\"margin_remove_top\":true}},{\"type\":\"button\",\"props\":{\"grid_column_gap\":\"small\",\"grid_row_gap\":\"small\",\"margin\":\"default\"},\"children\":[{\"type\":\"button_item\",\"props\":{\"button_style\":\"primary\",\"icon_align\":\"left\",\"content\":\"Intro\",\"link\":\"https:\\\/\\\/irene-project.eu\\\/wp-content\\\/uploads\\\/2024\\\/02\\\/IRENE_PR3_DigitalMagazine_Communication_Intro_PT.pdf\",\"link_target\":\"blank\"}},{\"type\":\"button_item\",\"props\":{\"button_style\":\"primary\",\"icon_align\":\"left\",\"content\":\"Advance\",\"link\":\"https:\\\/\\\/irene-project.eu\\\/wp-content\\\/uploads\\\/2024\\\/02\\\/IRENE_PR3_DigitalMagazine_Communication_Advance_PT.pdf\",\"link_target\":\"blank\"}}]}]}]},{\"type\":\"row\",\"children\":[{\"type\":\"column\",\"props\":{\"position_sticky_breakpoint\":\"m\",\"image_position\":\"center-center\",\"media_overlay_gradient\":\"\"},\"children\":[{\"type\":\"headline\",\"props\":{\"title_element\":\"h1\",\"title_style\":\"h5\",\"title_color\":\"success\",\"text_align\":\"left\",\"content\":\"3. RESPEITO M\\u00daTUO\\nE LIMITES\\nPESSOAIS\",\"margin_remove_top\":true}},{\"type\":\"button\",\"props\":{\"grid_column_gap\":\"small\",\"grid_row_gap\":\"small\",\"margin\":\"default\"},\"children\":[{\"type\":\"button_item\",\"props\":{\"button_style\":\"primary\",\"icon_align\":\"left\",\"content\":\"Intro\",\"link\":\"https:\\\/\\\/irene-project.eu\\\/wp-content\\\/uploads\\\/2024\\\/02\\\/IRENE_PR3_DigitalMagazine_Respect_Intro_PT.pdf\",\"link_target\":\"blank\"}},{\"type\":\"button_item\",\"props\":{\"button_style\":\"primary\",\"icon_align\":\"left\",\"content\":\"Advance\",\"link\":\"https:\\\/\\\/irene-project.eu\\\/wp-content\\\/uploads\\\/2024\\\/02\\\/IRENE_PR3_DigitalMagazine_Respect_Advance_PT.pdf\",\"link_target\":\"blank\"}}]}]}]},{\"type\":\"row\",\"children\":[{\"type\":\"column\",\"props\":{\"position_sticky_breakpoint\":\"m\",\"image_position\":\"center-center\",\"media_overlay_gradient\":\"\"},\"children\":[{\"type\":\"headline\",\"props\":{\"title_element\":\"h1\",\"title_style\":\"h5\",\"title_color\":\"success\",\"text_align\":\"left\",\"content\":\"4. A IMPORT\\u00c2NCIA\\nDO TEMPO PARA\\nMIM\",\"margin_remove_top\":true}},{\"type\":\"button\",\"props\":{\"grid_column_gap\":\"small\",\"grid_row_gap\":\"small\",\"margin\":\"default\"},\"children\":[{\"type\":\"button_item\",\"props\":{\"button_style\":\"primary\",\"icon_align\":\"left\",\"content\":\"Intro\",\"link\":\"https:\\\/\\\/irene-project.eu\\\/wp-content\\\/uploads\\\/2024\\\/02\\\/IRENE_PR3_DigitalMagazine_MeTime_Intro_PT.pdf\",\"link_target\":\"blank\"}},{\"type\":\"button_item\",\"props\":{\"button_style\":\"primary\",\"icon_align\":\"left\",\"content\":\"Advance\",\"link\":\"https:\\\/\\\/irene-project.eu\\\/wp-content\\\/uploads\\\/2024\\\/02\\\/IRENE_PR3_DigitalMagazine_MeTime_Advance_PT.pdf\",\"link_target\":\"blank\"}}]}]}]},{\"type\":\"row\",\"children\":[{\"type\":\"column\",\"props\":{\"position_sticky_breakpoint\":\"m\",\"image_position\":\"center-center\",\"media_overlay_gradient\":\"\"},\"children\":[{\"type\":\"headline\",\"props\":{\"title_element\":\"h1\",\"title_style\":\"h5\",\"title_color\":\"success\",\"text_align\":\"left\",\"content\":\"5. RESOLU\\u00c7\\u00c3O DE\\nCONFLITOS\",\"margin_remove_top\":true}},{\"type\":\"button\",\"props\":{\"grid_column_gap\":\"small\",\"grid_row_gap\":\"small\",\"margin\":\"default\"},\"children\":[{\"type\":\"button_item\",\"props\":{\"button_style\":\"primary\",\"icon_align\":\"left\",\"content\":\"Intro\",\"link\":\"https:\\\/\\\/irene-project.eu\\\/wp-content\\\/uploads\\\/2024\\\/02\\\/IRENE_PR3_DigitalMagazine_Conflicts_Intro_PT.pdf\",\"link_target\":\"blank\"}},{\"type\":\"button_item\",\"props\":{\"button_style\":\"primary\",\"icon_align\":\"left\",\"content\":\"Advance\",\"link\":\"https:\\\/\\\/irene-project.eu\\\/wp-content\\\/uploads\\\/2024\\\/02\\\/IRENE_PR3_DigitalMagazine_Conflicts_Advance_PT.pdf\",\"link_target\":\"blank\"}}]}]}]},{\"type\":\"row\",\"children\":[{\"type\":\"column\",\"props\":{\"position_sticky_breakpoint\":\"m\",\"image_position\":\"center-center\",\"media_overlay_gradient\":\"\"},\"children\":[{\"type\":\"headline\",\"props\":{\"title_element\":\"h1\",\"title_style\":\"h4\",\"title_color\":\"success\",\"text_align\":\"left\",\"content\":\"BANDA OESENHAOA\"}},{\"type\":\"button\",\"props\":{\"grid_column_gap\":\"small\",\"grid_row_gap\":\"small\",\"margin\":\"default\"},\"children\":[{\"type\":\"button_item\",\"props\":{\"button_style\":\"primary\",\"icon_align\":\"left\",\"content\":\"\\\"FALAR TORNA-NOS MAIS FORTES\\\"\",\"link\":\"https:\\\/\\\/irene-project.eu\\\/wp-content\\\/uploads\\\/2024\\\/02\\\/IRENE_PR3_COMICS_PT.pdf\",\"link_target\":\"blank\"}}]}]}]}],\"name\":\"News\"}],\"version\":\"3.0.5\"} --><\/p>\n","protected":false},"excerpt":{"rendered":"<p>Revistas Digitais 1. LIBERDADE PARA SER EU PR\u00d3PRIO Intro Advance 2. COMUNICA\u00c7\u00c3O Intro Advance 3. RESPEITO M\u00daTUO E LIMITES PESSOAIS Intro Advance 4. A IMPORT\u00c2NCIA..<\/p>\n","protected":false},"author":1,"featured_media":0,"parent":0,"menu_order":0,"comment_status":"closed","ping_status":"closed","template":"","meta":{"_acf_changed":false,"inline_featured_image":false,"footnotes":""},"class_list":["post-1161","page","type-page","status-publish","hentry"],"acf":[],"_links":{"self":[{"href":"https:\/\/irene-project.eu\/pt-pt\/wp-json\/wp\/v2\/pages\/1161","targetHints":{"allow":["GET"]}}],"collection":[{"href":"https:\/\/irene-project.eu\/pt-pt\/wp-json\/wp\/v2\/pages"}],"about":[{"href":"https:\/\/irene-project.eu\/pt-pt\/wp-json\/wp\/v2\/types\/page"}],"author":[{"embeddable":true,"href":"https:\/\/irene-project.eu\/pt-pt\/wp-json\/wp\/v2\/users\/1"}],"replies":[{"embeddable":true,"href":"https:\/\/irene-project.eu\/pt-pt\/wp-json\/wp\/v2\/comments?post=1161"}],"version-history":[{"count":6,"href":"https:\/\/irene-project.eu\/pt-pt\/wp-json\/wp\/v2\/pages\/1161\/revisions"}],"predecessor-version":[{"id":2401,"href":"https:\/\/irene-project.eu\/pt-pt\/wp-json\/wp\/v2\/pages\/1161\/revisions\/2401"}],"wp:attachment":[{"href":"https:\/\/irene-project.eu\/pt-pt\/wp-json\/wp\/v2\/media?parent=1161"}],"curies":[{"name":"wp","href":"https:\/\/api.w.org\/{rel}","templated":true}]}}