{"id":734,"date":"2022-02-24T14:11:37","date_gmt":"2022-02-24T14:11:37","guid":{"rendered":"https:\/\/irene-project.eu\/home\/"},"modified":"2024-02-29T09:03:02","modified_gmt":"2024-02-29T09:03:02","slug":"home","status":"publish","type":"page","link":"https:\/\/irene-project.eu\/pl\/","title":{"rendered":"Home"},"content":{"rendered":"<h1>Nauka w rodzinie w celu promowania pozytywnych relacji<\/h1>\n<p><img decoding=\"async\" src=\"\/wp-content\/uploads\/2022\/08\/hero-new-1.svg\" alt=\"\"><\/p>\n<h2>O projekcie<\/h2>\n<div>\n<p>        <img decoding=\"async\" src=\"\/wp-content\/uploads\/2022\/06\/about.svg\" alt=\"\"><\/p>\n<div>Projekt IRENE powsta\u0142 z potrzeby zaoferowania multi-dyscyplinarnej i wielokulturowej odpowiedzi na r\u00f3\u017cne formy przemocy, kt\u00f3re mog\u0105 wyst\u0105pi\u0107 w kontek\u015bcie rodzinnym, takie jak przemoc ze wzgl\u0119du na p\u0142e\u0107, przemoc wobec dzieci, przemoc mi\u0119dzy rodzicami czy przemoc wobec os\u00f3b starszych.<\/div>\n<p><a href=\"\/pl\/about\">Dowiedz si\u0119 wi\u0119cej<\/a><\/p>\n<\/div>\n<h2>\n<p><span>Program dla rodzic\u00f3w<\/span><\/p>\n<\/h2>\n<div>\n<p>        <img decoding=\"async\" src=\"\/wp-content\/uploads\/2022\/12\/parents.svg\" alt=\"\"><\/p>\n<div>\n<p><span>Program dla rodzic\u00f3w w zakresie budowania pozytywnych relacji rodzinnych porusza tematy zwi\u0105zane z:<\/span><\/p>\n<ul>\n<li><span><\/span><span> <\/span><span>Zarz\u0105dzania konfliktami w rodzinie<\/span><\/li>\n<li><span><\/span><span> <\/span><span>budowania pozytywnych relacji<\/span><\/li>\n<li><span> <\/span><span>Praktykowanie dbania o siebie<\/span><\/li>\n<\/ul>\n<\/div>\n<p><a href=\"\/pl\/programme-for-parents\/\">Dowiedz si\u0119 wi\u0119cej<\/a><\/p>\n<\/div>\n<h2>\n<p><span>Zestaw narz\u0119dzi do nauki w rodzinie<\/span><\/p>\n<\/h2>\n<div>\n<p>        <img decoding=\"async\" src=\"\/wp-content\/uploads\/2022\/12\/family.svg\" alt=\"\"><\/p>\n<div>\n<p><span>Zestaw narz\u0119dzi do nauki w rodzinie zapewnia odpowiednie do wieku zasoby edukacyjne, aby pom\u00f3c dzieciom, nastolatkom i starszym doros\u0142ym w rodzinie w budowaniu pozytywnej dynamiki rodziny.<\/span><\/p>\n<\/div>\n<p><a href=\"\/pl\/family\/\">Dowiedz si\u0119 wi\u0119cej<\/a><\/p>\n<\/div>\n<h2>\n<p><span>Szkolenie dla edukator\u00f3w<\/span><\/p>\n<\/h2>\n<div>\n<p>        <img decoding=\"async\" src=\"\/wp-content\/uploads\/2022\/06\/handbook.svg\" alt=\"\"><\/p>\n<div>\n<p><span>Poprzez sekcj\u0119: Szkolenie dla Edukator\u00f3w, osoby wspieraj\u0105ce rodzin\u0119 na pierwszej linii oraz edukatorzy doros\u0142ych ze spo\u0142eczno\u015bci partner\u00f3w mog\u0105 rozwija\u0107 umiej\u0119tno\u015bci przewidziane do dostarczania pe\u0142nego zestawu zasob\u00f3w do nauki o rodzinie poprzez nasz ko\u0144cowy rezultat projektu &#8211; Program doskonalenia zawodowego dla edukator\u00f3w doros\u0142ych.<\/span><\/p>\n<\/div>\n<p><a href=\"\/pl\/programme-for-parents\/\">Dowiedz si\u0119 wi\u0119cej<\/a><\/p>\n<\/div>\n<h2>Aktualno\u015b\u0107i<\/h2>\n<div>\n<\/div>\n<p>\n    <a href=\"\/news\">View all news<\/a>\n<\/p>\n<p><!--more--><br \/>\n<!-- {\"type\":\"layout\",\"children\":[{\"type\":\"section\",\"props\":{\"style\":\"default\",\"width\":\"\",\"vertical_align\":\"middle\",\"title_position\":\"top-left\",\"title_rotation\":\"left\",\"title_breakpoint\":\"xl\",\"image_position\":\"center-center\",\"padding_remove_top\":true},\"children\":[{\"type\":\"row\",\"children\":[{\"type\":\"column\",\"props\":{\"position_sticky_breakpoint\":\"m\",\"image_position\":\"center-center\",\"media_overlay_gradient\":\"\",\"width_medium\":\"\"},\"children\":[{\"type\":\"headline\",\"props\":{\"title_element\":\"h1\",\"title_color\":\"success\",\"content\":\"Nauka w rodzinie w celu promowania pozytywnych relacji\",\"title_style\":\"h2\",\"text_align\":\"center\",\"position\":\"absolute\",\"position_top\":\"60\",\"css\":\".el-element{color:#972686 !important}\\n\\n@media only screen and (max-width:960px) {\\n    .el-element{position:relative !important;\\n    margin-bottom: 60px !important;}\\n}\"}},{\"type\":\"image\",\"props\":{\"margin\":\"default\",\"image_svg_color\":\"emphasis\",\"image\":\"wp-content\\\/uploads\\\/2022\\\/08\\\/hero-new-1.svg\",\"css\":\"svg {width:100%}\"}}]}]}]},{\"type\":\"section\",\"props\":{\"style\":\"default\",\"width\":\"default\",\"vertical_align\":\"middle\",\"title_position\":\"top-left\",\"title_rotation\":\"left\",\"title_breakpoint\":\"xl\",\"image_position\":\"center-center\",\"padding\":\"small\"},\"children\":[{\"type\":\"row\",\"children\":[{\"type\":\"column\",\"props\":{\"position_sticky_breakpoint\":\"m\",\"image_position\":\"center-center\",\"media_overlay_gradient\":\"\"},\"children\":[{\"type\":\"headline\",\"props\":{\"title_element\":\"h2\",\"title_style\":\"h1\",\"title_color\":\"success\",\"text_align\":\"left\",\"content\":\"O projekcie\",\"position\":\"relative\",\"position_left\":\"130\",\"class\":\"make-it-center\"}},{\"type\":\"panel\",\"props\":{\"link_text\":\"[readmore_text]\",\"title_hover_style\":\"reset\",\"title_element\":\"h3\",\"title_align\":\"top\",\"title_grid_width\":\"1-2\",\"title_grid_breakpoint\":\"m\",\"meta_style\":\"text-meta\",\"meta_align\":\"below-title\",\"meta_element\":\"div\",\"content_column_breakpoint\":\"m\",\"icon_width\":80,\"image_align\":\"left\",\"image_grid_width\":\"2-5\",\"image_grid_breakpoint\":\"m\",\"image_svg_color\":\"emphasis\",\"link_style\":\"primary\",\"margin\":\"default\",\"title\":\"\",\"content\":\"Projekt IRENE powsta\\u0142 z potrzeby zaoferowania multi-dyscyplinarnej i wielokulturowej odpowiedzi na r\\u00f3\\u017cne formy przemocy, kt\\u00f3re mog\\u0105 wyst\\u0105pi\\u0107 w kontek\\u015bcie rodzinnym, takie jak przemoc ze wzgl\\u0119du na p\\u0142e\\u0107, przemoc wobec dzieci, przemoc mi\\u0119dzy rodzicami czy przemoc wobec os\\u00f3b starszych.\",\"image\":\"wp-content\\\/uploads\\\/2022\\\/06\\\/about.svg\",\"title_color\":\"success\",\"link\":\"pl\\\/about\",\"class\":\"panel-right-pink\"},\"name\":\"left-image-panel\"}]}]}]},{\"type\":\"section\",\"props\":{\"style\":\"default\",\"width\":\"default\",\"vertical_align\":\"middle\",\"title_position\":\"top-left\",\"title_rotation\":\"left\",\"title_breakpoint\":\"xl\",\"image_position\":\"center-center\",\"padding\":\"small\",\"status\":\"\"},\"children\":[{\"type\":\"row\",\"children\":[{\"type\":\"column\",\"props\":{\"position_sticky_breakpoint\":\"m\",\"image_position\":\"center-center\",\"media_overlay_gradient\":\"\"},\"children\":[{\"type\":\"headline\",\"props\":{\"title_element\":\"h2\",\"title_style\":\"h1\",\"title_color\":\"success\",\"text_align\":\"left\",\"content\":\"\n\n<p><span>Program dla rodzic\\u00f3w<\\\/span><\\\/p>\",\"position\":\"relative\",\"position_left\":\"130\",\"class\":\"make-it-center\"}},{\"type\":\"panel\",\"props\":{\"link_text\":\"[readmore_text]\",\"title_hover_style\":\"reset\",\"title_element\":\"h3\",\"title_align\":\"top\",\"title_grid_width\":\"1-2\",\"title_grid_breakpoint\":\"m\",\"meta_style\":\"text-meta\",\"meta_align\":\"below-title\",\"meta_element\":\"div\",\"content_column_breakpoint\":\"m\",\"icon_width\":80,\"image_align\":\"right\",\"image_grid_width\":\"2-5\",\"image_grid_breakpoint\":\"m\",\"image_svg_color\":\"emphasis\",\"link_style\":\"primary\",\"margin\":\"default\",\"title\":\"\",\"content\":\"\n\n<p><span>Program dla rodzic\\u00f3w w zakresie budowania pozytywnych relacji rodzinnych porusza tematy zwi\\u0105zane z:<\\\/span><\\\/p>\\n\n\n<ul>\\n\n\n<li><span><\\\/span><span> <\\\/span><span>Zarz\\u0105dzania konfliktami w rodzinie<\\\/span><\\\/li>\\n\n\n<li><span><\\\/span><span> <\\\/span><span>budowania pozytywnych relacji<\\\/span><\\\/li>\\n\n\n<li><span> <\\\/span><span>Praktykowanie dbania o siebie<\\\/span><\\\/li>\\n<\\\/ul>\",\"image\":\"wp-content\\\/uploads\\\/2022\\\/12\\\/parents.svg\",\"title_color\":\"success\",\"link\":\"pl\\\/programme-for-parents\\\/\",\"class\":\"panel-right-pink left-panel-pink \"},\"name\":\"left-image-panel\"}]}]}],\"name\":\"1a\"},{\"type\":\"section\",\"props\":{\"style\":\"default\",\"width\":\"default\",\"vertical_align\":\"middle\",\"title_position\":\"top-left\",\"title_rotation\":\"left\",\"title_breakpoint\":\"xl\",\"image_position\":\"center-center\",\"padding\":\"small\"},\"children\":[{\"type\":\"row\",\"children\":[{\"type\":\"column\",\"props\":{\"position_sticky_breakpoint\":\"m\",\"image_position\":\"center-center\",\"media_overlay_gradient\":\"\"},\"children\":[{\"type\":\"headline\",\"props\":{\"title_element\":\"h2\",\"title_style\":\"h1\",\"title_color\":\"success\",\"text_align\":\"left\",\"content\":\"\n\n<p><span>Zestaw narz\\u0119dzi do nauki w rodzinie<\\\/span><\\\/p>\",\"position\":\"relative\",\"position_left\":\"130\",\"class\":\"make-it-center\"}},{\"type\":\"panel\",\"props\":{\"link_text\":\"[readmore_text]\",\"title_hover_style\":\"reset\",\"title_element\":\"h3\",\"title_align\":\"top\",\"title_grid_width\":\"1-2\",\"title_grid_breakpoint\":\"m\",\"meta_style\":\"text-meta\",\"meta_align\":\"below-title\",\"meta_element\":\"div\",\"content_column_breakpoint\":\"m\",\"icon_width\":80,\"image_align\":\"left\",\"image_grid_width\":\"2-5\",\"image_grid_breakpoint\":\"m\",\"image_svg_color\":\"emphasis\",\"link_style\":\"primary\",\"margin\":\"default\",\"title\":\"\",\"content\":\"\n\n<p><span>Zestaw narz\\u0119dzi do nauki w rodzinie zapewnia odpowiednie do wieku zasoby edukacyjne, aby pom\\u00f3c dzieciom, nastolatkom i starszym doros\\u0142ym w rodzinie w budowaniu pozytywnej dynamiki rodziny.<\\\/span><\\\/p>\",\"image\":\"wp-content\\\/uploads\\\/2022\\\/12\\\/family.svg\",\"title_color\":\"success\",\"link\":\"pl\\\/family\\\/\",\"class\":\"panel-right-pink\",\"image_width\":\"600\",\"image_alt\":\"\",\"image_height\":\"600\"},\"name\":\"left-image-panel\"}]}]}],\"name\":\"2a\"},{\"type\":\"section\",\"props\":{\"style\":\"default\",\"width\":\"default\",\"vertical_align\":\"middle\",\"title_position\":\"top-left\",\"title_rotation\":\"left\",\"title_breakpoint\":\"xl\",\"image_position\":\"center-center\",\"padding\":\"small\",\"status\":\"\"},\"children\":[{\"type\":\"row\",\"children\":[{\"type\":\"column\",\"props\":{\"position_sticky_breakpoint\":\"m\",\"image_position\":\"center-center\",\"media_overlay_gradient\":\"\"},\"children\":[{\"type\":\"headline\",\"props\":{\"title_element\":\"h2\",\"title_style\":\"h1\",\"title_color\":\"success\",\"text_align\":\"left\",\"content\":\"\n\n<p><span>Szkolenie dla edukator\\u00f3w<\\\/span><\\\/p>\",\"position\":\"relative\",\"position_left\":\"130\",\"class\":\"make-it-center\"}},{\"type\":\"panel\",\"props\":{\"link_text\":\"[readmore_text]\",\"title_hover_style\":\"reset\",\"title_element\":\"h3\",\"title_align\":\"top\",\"title_grid_width\":\"1-2\",\"title_grid_breakpoint\":\"m\",\"meta_style\":\"text-meta\",\"meta_align\":\"below-title\",\"meta_element\":\"div\",\"content_column_breakpoint\":\"m\",\"icon_width\":80,\"image_align\":\"right\",\"image_grid_width\":\"2-5\",\"image_grid_breakpoint\":\"m\",\"image_svg_color\":\"emphasis\",\"link_style\":\"primary\",\"margin\":\"default\",\"title\":\"\",\"content\":\"\n\n<p><span>Poprzez sekcj\\u0119: Szkolenie dla Edukator\\u00f3w, osoby wspieraj\\u0105ce rodzin\\u0119 na pierwszej linii oraz edukatorzy doros\\u0142ych ze spo\\u0142eczno\\u015bci partner\\u00f3w mog\\u0105 rozwija\\u0107 umiej\\u0119tno\\u015bci przewidziane do dostarczania pe\\u0142nego zestawu zasob\\u00f3w do nauki o rodzinie poprzez nasz ko\\u0144cowy rezultat projektu - Program doskonalenia zawodowego dla edukator\\u00f3w doros\\u0142ych.<\\\/span><\\\/p>\",\"image\":\"wp-content\\\/uploads\\\/2022\\\/06\\\/handbook.svg\",\"title_color\":\"success\",\"link\":\"pl\\\/programme-for-parents\\\/\",\"class\":\"panel-right-pink left-panel-pink\"},\"name\":\"left-image-panel\"}]}]}],\"name\":\"3a\"},{\"type\":\"section\",\"props\":{\"style\":\"default\",\"width\":\"default\",\"vertical_align\":\"middle\",\"title_position\":\"top-left\",\"title_rotation\":\"left\",\"title_breakpoint\":\"xl\",\"image_position\":\"center-center\"},\"children\":[{\"type\":\"row\",\"children\":[{\"type\":\"column\",\"props\":{\"position_sticky_breakpoint\":\"m\",\"image_position\":\"center-center\",\"media_overlay_gradient\":\"\"},\"children\":[]}]}]},{\"type\":\"section\",\"props\":{\"style\":\"default\",\"width\":\"default\",\"vertical_align\":\"middle\",\"title_position\":\"top-left\",\"title_rotation\":\"left\",\"title_breakpoint\":\"xl\",\"image_position\":\"center-center\",\"css\":\".el-section{background-color:#faf4f9}\"},\"children\":[{\"type\":\"row\",\"children\":[{\"type\":\"column\",\"props\":{\"position_sticky_breakpoint\":\"m\",\"image_position\":\"center-center\",\"media_overlay_gradient\":\"\"},\"children\":[{\"type\":\"headline\",\"props\":{\"title_element\":\"h2\",\"title_style\":\"h2\",\"title_color\":\"success\",\"text_align\":\"center\",\"content\":\"[news_header]\"}},{\"type\":\"grid\",\"props\":{\"show_title\":true,\"show_meta\":true,\"show_content\":true,\"show_image\":true,\"show_link\":true,\"grid_default\":\"1\",\"grid_medium\":\"3\",\"filter_style\":\"tab\",\"filter_all\":true,\"filter_position\":\"top\",\"filter_align\":\"left\",\"filter_grid_width\":\"auto\",\"filter_grid_breakpoint\":\"m\",\"title_hover_style\":\"reset\",\"title_element\":\"h3\",\"title_align\":\"top\",\"title_grid_width\":\"1-2\",\"title_grid_breakpoint\":\"m\",\"meta_style\":\"text-meta\",\"meta_align\":\"below-title\",\"meta_element\":\"div\",\"content_column_breakpoint\":\"m\",\"icon_width\":80,\"image_align\":\"top\",\"image_grid_width\":\"1-2\",\"image_grid_breakpoint\":\"m\",\"image_svg_color\":\"emphasis\",\"link_text\":\"\",\"link_style\":\"secondary\",\"margin\":\"default\",\"item_animation\":true,\"panel_style\":\"card-default\",\"class\":\"news-grid\",\"panel_link\":true,\"css\":\".uk-child-width-1-1.uk-child-width-1-3\\\\@m.uk-grid-match.uk-grid {\\n  display: flex;\\n  justify-content: center;\\n}\",\"parallax_easing\":\"1\"},\"children\":[{\"type\":\"grid_item\",\"props\":{\"link_text\":\"\"},\"source\":{\"query\":{\"name\":\"posts.customPosts\",\"arguments\":{\"terms\":[10],\"category_operator\":\"IN\",\"post_tag_operator\":\"IN\",\"users\":[],\"users_operator\":\"IN\",\"offset\":0,\"limit\":10,\"order\":\"date\",\"order_direction\":\"DESC\"}},\"props\":{\"title\":{\"filters\":{\"search\":\"\"},\"name\":\"title\"},\"content\":{\"filters\":{\"search\":\"\"},\"name\":\"excerpt\"},\"image\":{\"filters\":{\"search\":\"\"},\"name\":\"featuredImage.url\"},\"link\":{\"filters\":{\"search\":\"\"},\"name\":\"link\"}}}}]},{\"type\":\"button\",\"props\":{\"grid_column_gap\":\"small\",\"grid_row_gap\":\"small\",\"margin\":\"default\",\"text_align\":\"center\"},\"children\":[{\"type\":\"button_item\",\"props\":{\"button_style\":\"primary\",\"icon_align\":\"left\",\"content\":\"[all_news_header]\",\"link\":\"news\"},\"source\":{\"query\":{\"name\":\"categories.customCategories\",\"arguments\":{\"id\":0,\"offset\":0,\"limit\":10,\"order\":\"term_order\",\"order_direction\":\"ASC\"}},\"props\":{\"_condition\":{\"filters\":{\"condition\":\">\",\"condition_value\":\"2\"},\"name\":\"count\"}}}}]}]}]}]}],\"version\":\"3.0.5\"} --><\/p>\n","protected":false},"excerpt":{"rendered":"<p>Nauka w rodzinie w celu promowania pozytywnych relacji O projekcie Projekt IRENE powsta\u0142 z potrzeby zaoferowania multi-dyscyplinarnej i wielokulturowej odpowiedzi na r\u00f3\u017cne formy przemocy, kt\u00f3re..<\/p>\n","protected":false},"author":1,"featured_media":0,"parent":0,"menu_order":0,"comment_status":"closed","ping_status":"closed","template":"","meta":{"_acf_changed":false,"inline_featured_image":false,"footnotes":""},"class_list":["post-734","page","type-page","status-publish","hentry"],"acf":[],"_links":{"self":[{"href":"https:\/\/irene-project.eu\/pl\/wp-json\/wp\/v2\/pages\/734","targetHints":{"allow":["GET"]}}],"collection":[{"href":"https:\/\/irene-project.eu\/pl\/wp-json\/wp\/v2\/pages"}],"about":[{"href":"https:\/\/irene-project.eu\/pl\/wp-json\/wp\/v2\/types\/page"}],"author":[{"embeddable":true,"href":"https:\/\/irene-project.eu\/pl\/wp-json\/wp\/v2\/users\/1"}],"replies":[{"embeddable":true,"href":"https:\/\/irene-project.eu\/pl\/wp-json\/wp\/v2\/comments?post=734"}],"version-history":[{"count":8,"href":"https:\/\/irene-project.eu\/pl\/wp-json\/wp\/v2\/pages\/734\/revisions"}],"predecessor-version":[{"id":2234,"href":"https:\/\/irene-project.eu\/pl\/wp-json\/wp\/v2\/pages\/734\/revisions\/2234"}],"wp:attachment":[{"href":"https:\/\/irene-project.eu\/pl\/wp-json\/wp\/v2\/media?parent=734"}],"curies":[{"name":"wp","href":"https:\/\/api.w.org\/{rel}","templated":true}]}}