{"id":1172,"date":"2022-12-01T11:51:05","date_gmt":"2022-12-01T11:51:05","guid":{"rendered":"https:\/\/irene-project.eu\/training-for-educators\/"},"modified":"2024-02-29T11:46:19","modified_gmt":"2024-02-29T11:46:19","slug":"training-for-educators","status":"publish","type":"page","link":"https:\/\/irene-project.eu\/pl\/training-for-educators\/","title":{"rendered":"Szkolenie dla edukator\u00f3w"},"content":{"rendered":"<h1>Warsztat 1: Wiedza teoretyczna na temat przemocy i molestowania w rodzinie w Europie<\/h1>\n<h1>Twarz\u0105 w twarz<\/h1>\n<ul>\n<li>\n        <a href=\"https:\/\/irene-project.eu\/wp-content\/uploads\/2024\/02\/PL-IRENE_-Workshop-1_learning-manual-lesson-plan.docx\">Podr\u0119cznik do nauki<\/a>\n    <\/li>\n<li>\n        <a href=\"https:\/\/irene-project.eu\/wp-content\/uploads\/2024\/02\/PL_IRENE_Workshop1.pptx\">Prezentacja<\/a>\n    <\/li>\n<\/ul>\n<h1>Samokszta\u0142cenie<\/h1>\n<p>\n    <a href=\"https:\/\/irene-project.eu\/wp-content\/uploads\/2024\/02\/PL-Self-directed-learning-workshop-1.docx\">Warsztat 1: Wiedza teoretyczna na temat przemocy i molestowania w rodzinie w Europie<\/a>\n<\/p>\n<h1>Warsztat 2: Model uczenia si\u0119 w rodzinie<\/h1>\n<h1>Twarz\u0105 w twarz<\/h1>\n<ul>\n<li>\n        <a href=\"https:\/\/irene-project.eu\/wp-content\/uploads\/2024\/02\/PL-IRENE_-Workshop-2_learning-manual-lesson-plan_.docx\">Podr\u0119cznik do nauki<\/a>\n    <\/li>\n<li>\n        <a href=\"https:\/\/irene-project.eu\/wp-content\/uploads\/2024\/02\/PL_IRENE_Workshop2-VF.pptx\">Prezentacja<\/a>\n    <\/li>\n<\/ul>\n<h1>Samokszta\u0142cenie<\/h1>\n<p>\n    <a href=\"https:\/\/irene-project.eu\/wp-content\/uploads\/2024\/02\/PL-Self-directed-workshop-2.docx\">Warsztat 2: Model uczenia si\u0119 w rodzinie<\/a>\n<\/p>\n<h1>Warsztat 3: Potrafi\u0119 tworzy\u0107 w\u0142asne komiksy i audiobooki<\/h1>\n<h1>Twarz\u0105 w twarz<\/h1>\n<ul>\n<li>\n        <a href=\"https:\/\/irene-project.eu\/wp-content\/uploads\/2024\/02\/PL-IRENE_-Workshop-3_learning-manual-lesson-plan_VF.docx\">Podr\u0119cznik do nauki<\/a>\n    <\/li>\n<li>\n        <a href=\"https:\/\/irene-project.eu\/wp-content\/uploads\/2024\/02\/PL_IRENE_Workshop-3.pptx\">Prezentacja<\/a>\n    <\/li>\n<\/ul>\n<h1>Samokszta\u0142cenie<\/h1>\n<ul>\n<li>\n        <a href=\"https:\/\/irene-project.eu\/wp-content\/uploads\/2024\/02\/PL-Self-directed-learning-workshop-3-Comicbook.docx\">Comicbook<\/a>\n    <\/li>\n<li>\n        <a href=\"https:\/\/irene-project.eu\/wp-content\/uploads\/2024\/02\/PL-Self-directed-learning-workshop-3-Audiobook.docx\">Audiobook<\/a>\n    <\/li>\n<\/ul>\n<p><!--more--><br \/>\n<!-- {\"type\":\"layout\",\"children\":[{\"type\":\"section\",\"props\":{\"style\":\"default\",\"width\":\"default\",\"vertical_align\":\"\",\"title_position\":\"top-left\",\"title_rotation\":\"left\",\"title_breakpoint\":\"xl\",\"image_position\":\"center-center\",\"padding_remove_top\":true,\"height\":\"percent\"},\"children\":[{\"type\":\"row\",\"children\":[{\"type\":\"column\",\"props\":{\"position_sticky_breakpoint\":\"m\",\"image_position\":\"center-center\",\"media_overlay_gradient\":\"\"},\"children\":[{\"type\":\"headline\",\"props\":{\"title_element\":\"h1\",\"title_style\":\"h1\",\"title_color\":\"success\",\"text_align\":\"left\"},\"source\":{\"query\":{\"name\":\"pages.singlePage\"},\"props\":{\"content\":{\"filters\":{\"search\":\"\"},\"name\":\"title\"}}}}]}]},{\"type\":\"row\",\"children\":[{\"type\":\"column\",\"props\":{\"position_sticky_breakpoint\":\"m\",\"image_position\":\"center-center\",\"media_overlay_gradient\":\"\"},\"children\":[{\"type\":\"headline\",\"props\":{\"title_element\":\"h1\",\"title_style\":\"h4\",\"title_color\":\"success\",\"text_align\":\"left\",\"content\":\"Warsztat 1: Wiedza teoretyczna na temat przemocy i molestowania w rodzinie w Europie\"}},{\"type\":\"headline\",\"props\":{\"title_element\":\"h1\",\"title_style\":\"h5\",\"title_color\":\"success\",\"text_align\":\"left\",\"content\":\"Twarz\\u0105 w twarz\"}},{\"type\":\"button\",\"props\":{\"grid_column_gap\":\"small\",\"grid_row_gap\":\"small\",\"margin\":\"default\"},\"children\":[{\"type\":\"button_item\",\"props\":{\"button_style\":\"primary\",\"icon_align\":\"left\",\"content\":\"Podr\\u0119cznik do nauki\",\"link\":\"https:\\\/\\\/irene-project.eu\\\/wp-content\\\/uploads\\\/2024\\\/02\\\/PL-IRENE_-Workshop-1_learning-manual-lesson-plan.docx\",\"link_target\":\"blank\"}},{\"type\":\"button_item\",\"props\":{\"button_style\":\"primary\",\"icon_align\":\"left\",\"content\":\"Prezentacja\",\"link\":\"https:\\\/\\\/irene-project.eu\\\/wp-content\\\/uploads\\\/2024\\\/02\\\/PL_IRENE_Workshop1.pptx\",\"link_target\":\"blank\"}}]},{\"type\":\"headline\",\"props\":{\"title_element\":\"h1\",\"title_style\":\"h5\",\"title_color\":\"success\",\"text_align\":\"left\",\"content\":\"Samokszta\\u0142cenie\"}},{\"type\":\"button\",\"props\":{\"grid_column_gap\":\"small\",\"grid_row_gap\":\"small\",\"margin\":\"default\"},\"children\":[{\"type\":\"button_item\",\"props\":{\"button_style\":\"primary\",\"icon_align\":\"left\",\"content\":\"Warsztat 1: Wiedza teoretyczna na temat przemocy i molestowania w rodzinie w Europie\",\"link\":\"https:\\\/\\\/irene-project.eu\\\/wp-content\\\/uploads\\\/2024\\\/02\\\/PL-Self-directed-learning-workshop-1.docx\",\"link_target\":\"blank\"}}]}]}]},{\"type\":\"row\",\"children\":[{\"type\":\"column\",\"props\":{\"position_sticky_breakpoint\":\"m\",\"image_position\":\"center-center\",\"media_overlay_gradient\":\"\"},\"children\":[{\"type\":\"headline\",\"props\":{\"title_element\":\"h1\",\"title_style\":\"h4\",\"title_color\":\"success\",\"text_align\":\"left\",\"content\":\"Warsztat 2: Model uczenia si\\u0119 w rodzinie\"}},{\"type\":\"headline\",\"props\":{\"title_element\":\"h1\",\"title_style\":\"h5\",\"title_color\":\"success\",\"text_align\":\"left\",\"content\":\"Twarz\\u0105 w twarz\"}},{\"type\":\"button\",\"props\":{\"grid_column_gap\":\"small\",\"grid_row_gap\":\"small\",\"margin\":\"default\"},\"children\":[{\"type\":\"button_item\",\"props\":{\"button_style\":\"primary\",\"icon_align\":\"left\",\"content\":\"Podr\\u0119cznik do nauki\",\"link\":\"https:\\\/\\\/irene-project.eu\\\/wp-content\\\/uploads\\\/2024\\\/02\\\/PL-IRENE_-Workshop-2_learning-manual-lesson-plan_.docx\",\"link_target\":\"blank\"}},{\"type\":\"button_item\",\"props\":{\"button_style\":\"primary\",\"icon_align\":\"left\",\"content\":\"Prezentacja\",\"link\":\"https:\\\/\\\/irene-project.eu\\\/wp-content\\\/uploads\\\/2024\\\/02\\\/PL_IRENE_Workshop2-VF.pptx\",\"link_target\":\"blank\"}}]},{\"type\":\"headline\",\"props\":{\"title_element\":\"h1\",\"title_style\":\"h5\",\"title_color\":\"success\",\"text_align\":\"left\",\"content\":\"Samokszta\\u0142cenie\"}},{\"type\":\"button\",\"props\":{\"grid_column_gap\":\"small\",\"grid_row_gap\":\"small\",\"margin\":\"default\"},\"children\":[{\"type\":\"button_item\",\"props\":{\"button_style\":\"primary\",\"icon_align\":\"left\",\"content\":\"Warsztat 2: Model uczenia si\\u0119 w rodzinie\",\"link\":\"https:\\\/\\\/irene-project.eu\\\/wp-content\\\/uploads\\\/2024\\\/02\\\/PL-Self-directed-workshop-2.docx\",\"link_target\":\"blank\"}}]}]}]},{\"type\":\"row\",\"children\":[{\"type\":\"column\",\"props\":{\"position_sticky_breakpoint\":\"m\",\"image_position\":\"center-center\",\"media_overlay_gradient\":\"\"},\"children\":[{\"type\":\"headline\",\"props\":{\"title_element\":\"h1\",\"title_style\":\"h4\",\"title_color\":\"success\",\"text_align\":\"left\",\"content\":\"Warsztat 3: Potrafi\\u0119 tworzy\\u0107 w\\u0142asne komiksy i audiobooki\"}},{\"type\":\"headline\",\"props\":{\"title_element\":\"h1\",\"title_style\":\"h5\",\"title_color\":\"success\",\"text_align\":\"left\",\"content\":\"Twarz\\u0105 w twarz\"}},{\"type\":\"button\",\"props\":{\"grid_column_gap\":\"small\",\"grid_row_gap\":\"small\",\"margin\":\"default\"},\"children\":[{\"type\":\"button_item\",\"props\":{\"button_style\":\"primary\",\"icon_align\":\"left\",\"content\":\"Podr\\u0119cznik do nauki\",\"link\":\"https:\\\/\\\/irene-project.eu\\\/wp-content\\\/uploads\\\/2024\\\/02\\\/PL-IRENE_-Workshop-3_learning-manual-lesson-plan_VF.docx\",\"link_target\":\"blank\"}},{\"type\":\"button_item\",\"props\":{\"button_style\":\"primary\",\"icon_align\":\"left\",\"content\":\"Prezentacja\",\"link\":\"https:\\\/\\\/irene-project.eu\\\/wp-content\\\/uploads\\\/2024\\\/02\\\/PL_IRENE_Workshop-3.pptx\",\"link_target\":\"blank\"}}]},{\"type\":\"headline\",\"props\":{\"title_element\":\"h1\",\"title_style\":\"h5\",\"title_color\":\"success\",\"text_align\":\"left\",\"content\":\"Samokszta\\u0142cenie\"}},{\"type\":\"button\",\"props\":{\"grid_column_gap\":\"small\",\"grid_row_gap\":\"small\",\"margin\":\"default\"},\"children\":[{\"type\":\"button_item\",\"props\":{\"button_style\":\"primary\",\"icon_align\":\"left\",\"content\":\"Comicbook\",\"link_target\":\"blank\",\"link\":\"https:\\\/\\\/irene-project.eu\\\/wp-content\\\/uploads\\\/2024\\\/02\\\/PL-Self-directed-learning-workshop-3-Comicbook.docx\"}},{\"type\":\"button_item\",\"props\":{\"button_style\":\"primary\",\"icon_align\":\"left\",\"content\":\"Audiobook\",\"link_target\":\"blank\",\"link\":\"https:\\\/\\\/irene-project.eu\\\/wp-content\\\/uploads\\\/2024\\\/02\\\/PL-Self-directed-learning-workshop-3-Audiobook.docx\"}}]}]}]}],\"name\":\"News\"}],\"version\":\"3.0.5\"} --><\/p>\n","protected":false},"excerpt":{"rendered":"<p>Warsztat 1: Wiedza teoretyczna na temat przemocy i molestowania w rodzinie w Europie Twarz\u0105 w twarz Podr\u0119cznik do nauki Prezentacja Samokszta\u0142cenie Warsztat 1: Wiedza teoretyczna..<\/p>\n","protected":false},"author":1,"featured_media":0,"parent":0,"menu_order":0,"comment_status":"closed","ping_status":"closed","template":"","meta":{"_acf_changed":false,"inline_featured_image":false,"footnotes":""},"class_list":["post-1172","page","type-page","status-publish","hentry"],"acf":[],"_links":{"self":[{"href":"https:\/\/irene-project.eu\/pl\/wp-json\/wp\/v2\/pages\/1172","targetHints":{"allow":["GET"]}}],"collection":[{"href":"https:\/\/irene-project.eu\/pl\/wp-json\/wp\/v2\/pages"}],"about":[{"href":"https:\/\/irene-project.eu\/pl\/wp-json\/wp\/v2\/types\/page"}],"author":[{"embeddable":true,"href":"https:\/\/irene-project.eu\/pl\/wp-json\/wp\/v2\/users\/1"}],"replies":[{"embeddable":true,"href":"https:\/\/irene-project.eu\/pl\/wp-json\/wp\/v2\/comments?post=1172"}],"version-history":[{"count":8,"href":"https:\/\/irene-project.eu\/pl\/wp-json\/wp\/v2\/pages\/1172\/revisions"}],"predecessor-version":[{"id":3917,"href":"https:\/\/irene-project.eu\/pl\/wp-json\/wp\/v2\/pages\/1172\/revisions\/3917"}],"wp:attachment":[{"href":"https:\/\/irene-project.eu\/pl\/wp-json\/wp\/v2\/media?parent=1172"}],"curies":[{"name":"wp","href":"https:\/\/api.w.org\/{rel}","templated":true}]}}