{"id":1160,"date":"2022-12-01T11:40:24","date_gmt":"2022-12-01T11:40:24","guid":{"rendered":"https:\/\/irene-project.eu\/family\/"},"modified":"2024-02-29T09:10:50","modified_gmt":"2024-02-29T09:10:50","slug":"family","status":"publish","type":"page","link":"https:\/\/irene-project.eu\/pl\/family\/","title":{"rendered":"Zestaw narz\u0119dzi do nauki w rodzinie"},"content":{"rendered":"<h1>Magazyny cyfrowe<\/h1>\n<h1>1. WOLNO\u015a\u0106<br \/>\nBYCIA SOB\u0104<\/h1>\n<ul>\n<li>\n        <a href=\"https:\/\/irene-project.eu\/wp-content\/uploads\/2024\/02\/IRENE_PR3_DigitalMagazine_Self-Expression_Intro_PL.pdf\">Intro<\/a>\n    <\/li>\n<li>\n        <a href=\"https:\/\/irene-project.eu\/wp-content\/uploads\/2024\/02\/IRENE_PR3_DigitalMagazine_Self-Expression_Advance_PL.pdf\">Advance<\/a>\n    <\/li>\n<\/ul>\n<h1>2. KOMUNIKACJA<\/h1>\n<ul>\n<li>\n        <a href=\"https:\/\/irene-project.eu\/wp-content\/uploads\/2024\/02\/IRENE_PR3_DigitalMagazine_Communication_Intro_PL.pdf\">Intro<\/a>\n    <\/li>\n<li>\n        <a href=\"https:\/\/irene-project.eu\/wp-content\/uploads\/2024\/02\/IRENE_PR3_DigitalMagazine_Communication_Advance_PL.pdf\">Advance<\/a>\n    <\/li>\n<\/ul>\n<h1>3. WZAJEMNY<br \/>\nSZACUNEK I<br \/>\nOSOBISTE GRANICE<\/h1>\n<ul>\n<li>\n        <a href=\"https:\/\/irene-project.eu\/wp-content\/uploads\/2024\/02\/IRENE_PR3_DigitalMagazine_Respect_Intro_PL.pdf\">Intro<\/a>\n    <\/li>\n<li>\n        <a href=\"https:\/\/irene-project.eu\/wp-content\/uploads\/2024\/02\/IRENE_PR3_DigitalMagazine_Respect_Advance_PL.pdf\">Advance<\/a>\n    <\/li>\n<\/ul>\n<h1>4. ZNACZENIE<br \/>\n\u201cCZASU DLA<br \/>\nSIEBIE\u201d<\/h1>\n<ul>\n<li>\n        <a href=\"https:\/\/irene-project.eu\/wp-content\/uploads\/2024\/02\/IRENE_PR3_DigitalMagazine_MeTime_Intro_PL.pdf\">Intro<\/a>\n    <\/li>\n<li>\n        <a href=\"https:\/\/irene-project.eu\/wp-content\/uploads\/2024\/02\/IRENE_PR3_DigitalMagazine_MeTime_Advance_PL.pdf\">Advance<\/a>\n    <\/li>\n<\/ul>\n<h1>5. ROZWI\u0104ZYWANIE<br \/>\nKONFLIKT\u00d3W<\/h1>\n<ul>\n<li>\n        <a href=\"https:\/\/irene-project.eu\/wp-content\/uploads\/2024\/02\/IRENE_PR3_DigitalMagazine_Conflicts_Intro_PL.pdf\">Intro<\/a>\n    <\/li>\n<li>\n        <a href=\"https:\/\/irene-project.eu\/wp-content\/uploads\/2024\/02\/IRENE_PR3_DigitalMagazine_Conflicts_Advance_PL.pdf\">Advance<\/a>\n    <\/li>\n<\/ul>\n<h1>komiksow<\/h1>\n<p>\n    <a href=\"https:\/\/irene-project.eu\/wp-content\/uploads\/2024\/02\/IRENE_PR3_COMICS_PL.pdf\">&#8222;ROZMOWA CZYNI NAS SILNIEJSZYMI&#8221;<\/a>\n<\/p>\n<p><!--more--><br \/>\n<!-- {\"type\":\"layout\",\"children\":[{\"type\":\"section\",\"props\":{\"style\":\"default\",\"width\":\"default\",\"vertical_align\":\"\",\"title_position\":\"top-left\",\"title_rotation\":\"left\",\"title_breakpoint\":\"xl\",\"image_position\":\"center-center\",\"padding_remove_top\":true,\"height\":\"percent\"},\"children\":[{\"type\":\"row\",\"children\":[{\"type\":\"column\",\"props\":{\"position_sticky_breakpoint\":\"m\",\"image_position\":\"center-center\",\"media_overlay_gradient\":\"\"},\"children\":[{\"type\":\"headline\",\"props\":{\"title_element\":\"h1\",\"title_style\":\"h1\",\"title_color\":\"success\",\"text_align\":\"left\"},\"source\":{\"query\":{\"name\":\"pages.singlePage\"},\"props\":{\"content\":{\"filters\":{\"search\":\"\"},\"name\":\"title\"}}}}]}]},{\"type\":\"row\",\"children\":[{\"type\":\"column\",\"props\":{\"position_sticky_breakpoint\":\"m\",\"image_position\":\"center-center\",\"media_overlay_gradient\":\"\"},\"children\":[{\"type\":\"headline\",\"props\":{\"title_element\":\"h1\",\"title_style\":\"h4\",\"title_color\":\"success\",\"text_align\":\"left\",\"content\":\"Magazyny cyfrowe\"}}]}]},{\"type\":\"row\",\"children\":[{\"type\":\"column\",\"props\":{\"position_sticky_breakpoint\":\"m\",\"image_position\":\"center-center\",\"media_overlay_gradient\":\"\"},\"children\":[{\"type\":\"headline\",\"props\":{\"title_element\":\"h1\",\"title_style\":\"h5\",\"title_color\":\"success\",\"text_align\":\"left\",\"content\":\"1. WOLNO\\u015a\\u0106\\nBYCIA SOB\\u0104\",\"margin_remove_top\":true}},{\"type\":\"button\",\"props\":{\"grid_column_gap\":\"small\",\"grid_row_gap\":\"small\",\"margin\":\"default\"},\"children\":[{\"type\":\"button_item\",\"props\":{\"button_style\":\"primary\",\"icon_align\":\"left\",\"content\":\"Intro\",\"link\":\"https:\\\/\\\/irene-project.eu\\\/wp-content\\\/uploads\\\/2024\\\/02\\\/IRENE_PR3_DigitalMagazine_Self-Expression_Intro_PL.pdf\",\"link_target\":\"blank\"}},{\"type\":\"button_item\",\"props\":{\"button_style\":\"primary\",\"icon_align\":\"left\",\"content\":\"Advance\",\"link\":\"https:\\\/\\\/irene-project.eu\\\/wp-content\\\/uploads\\\/2024\\\/02\\\/IRENE_PR3_DigitalMagazine_Self-Expression_Advance_PL.pdf\",\"link_target\":\"blank\"}}]}]}]},{\"type\":\"row\",\"children\":[{\"type\":\"column\",\"props\":{\"position_sticky_breakpoint\":\"m\",\"image_position\":\"center-center\",\"media_overlay_gradient\":\"\"},\"children\":[{\"type\":\"headline\",\"props\":{\"title_element\":\"h1\",\"title_style\":\"h5\",\"title_color\":\"success\",\"text_align\":\"left\",\"content\":\"2. KOMUNIKACJA\",\"margin_remove_top\":true}},{\"type\":\"button\",\"props\":{\"grid_column_gap\":\"small\",\"grid_row_gap\":\"small\",\"margin\":\"default\"},\"children\":[{\"type\":\"button_item\",\"props\":{\"button_style\":\"primary\",\"icon_align\":\"left\",\"content\":\"Intro\",\"link\":\"https:\\\/\\\/irene-project.eu\\\/wp-content\\\/uploads\\\/2024\\\/02\\\/IRENE_PR3_DigitalMagazine_Communication_Intro_PL.pdf\",\"link_target\":\"blank\"}},{\"type\":\"button_item\",\"props\":{\"button_style\":\"primary\",\"icon_align\":\"left\",\"content\":\"Advance\",\"link\":\"https:\\\/\\\/irene-project.eu\\\/wp-content\\\/uploads\\\/2024\\\/02\\\/IRENE_PR3_DigitalMagazine_Communication_Advance_PL.pdf\",\"link_target\":\"blank\"}}]}]}]},{\"type\":\"row\",\"children\":[{\"type\":\"column\",\"props\":{\"position_sticky_breakpoint\":\"m\",\"image_position\":\"center-center\",\"media_overlay_gradient\":\"\"},\"children\":[{\"type\":\"headline\",\"props\":{\"title_element\":\"h1\",\"title_style\":\"h5\",\"title_color\":\"success\",\"text_align\":\"left\",\"content\":\"3. WZAJEMNY\\nSZACUNEK I\\nOSOBISTE GRANICE\",\"margin_remove_top\":true}},{\"type\":\"button\",\"props\":{\"grid_column_gap\":\"small\",\"grid_row_gap\":\"small\",\"margin\":\"default\"},\"children\":[{\"type\":\"button_item\",\"props\":{\"button_style\":\"primary\",\"icon_align\":\"left\",\"content\":\"Intro\",\"link\":\"https:\\\/\\\/irene-project.eu\\\/wp-content\\\/uploads\\\/2024\\\/02\\\/IRENE_PR3_DigitalMagazine_Respect_Intro_PL.pdf\",\"link_target\":\"blank\"}},{\"type\":\"button_item\",\"props\":{\"button_style\":\"primary\",\"icon_align\":\"left\",\"content\":\"Advance\",\"link\":\"https:\\\/\\\/irene-project.eu\\\/wp-content\\\/uploads\\\/2024\\\/02\\\/IRENE_PR3_DigitalMagazine_Respect_Advance_PL.pdf\",\"link_target\":\"blank\"}}]}]}]},{\"type\":\"row\",\"children\":[{\"type\":\"column\",\"props\":{\"position_sticky_breakpoint\":\"m\",\"image_position\":\"center-center\",\"media_overlay_gradient\":\"\"},\"children\":[{\"type\":\"headline\",\"props\":{\"title_element\":\"h1\",\"title_style\":\"h5\",\"title_color\":\"success\",\"text_align\":\"left\",\"content\":\"4. ZNACZENIE\\n\\u201cCZASU DLA\\nSIEBIE\\u201d\",\"margin_remove_top\":true}},{\"type\":\"button\",\"props\":{\"grid_column_gap\":\"small\",\"grid_row_gap\":\"small\",\"margin\":\"default\"},\"children\":[{\"type\":\"button_item\",\"props\":{\"button_style\":\"primary\",\"icon_align\":\"left\",\"content\":\"Intro\",\"link\":\"https:\\\/\\\/irene-project.eu\\\/wp-content\\\/uploads\\\/2024\\\/02\\\/IRENE_PR3_DigitalMagazine_MeTime_Intro_PL.pdf\",\"link_target\":\"blank\"}},{\"type\":\"button_item\",\"props\":{\"button_style\":\"primary\",\"icon_align\":\"left\",\"content\":\"Advance\",\"link\":\"https:\\\/\\\/irene-project.eu\\\/wp-content\\\/uploads\\\/2024\\\/02\\\/IRENE_PR3_DigitalMagazine_MeTime_Advance_PL.pdf\",\"link_target\":\"blank\"}}]}]}]},{\"type\":\"row\",\"children\":[{\"type\":\"column\",\"props\":{\"position_sticky_breakpoint\":\"m\",\"image_position\":\"center-center\",\"media_overlay_gradient\":\"\"},\"children\":[{\"type\":\"headline\",\"props\":{\"title_element\":\"h1\",\"title_style\":\"h5\",\"title_color\":\"success\",\"text_align\":\"left\",\"content\":\"5. ROZWI\\u0104ZYWANIE\\nKONFLIKT\\u00d3W\",\"margin_remove_top\":true}},{\"type\":\"button\",\"props\":{\"grid_column_gap\":\"small\",\"grid_row_gap\":\"small\",\"margin\":\"default\"},\"children\":[{\"type\":\"button_item\",\"props\":{\"button_style\":\"primary\",\"icon_align\":\"left\",\"content\":\"Intro\",\"link\":\"https:\\\/\\\/irene-project.eu\\\/wp-content\\\/uploads\\\/2024\\\/02\\\/IRENE_PR3_DigitalMagazine_Conflicts_Intro_PL.pdf\",\"link_target\":\"blank\"}},{\"type\":\"button_item\",\"props\":{\"button_style\":\"primary\",\"icon_align\":\"left\",\"content\":\"Advance\",\"link\":\"https:\\\/\\\/irene-project.eu\\\/wp-content\\\/uploads\\\/2024\\\/02\\\/IRENE_PR3_DigitalMagazine_Conflicts_Advance_PL.pdf\",\"link_target\":\"blank\"}}]}]}]},{\"type\":\"row\",\"children\":[{\"type\":\"column\",\"props\":{\"position_sticky_breakpoint\":\"m\",\"image_position\":\"center-center\",\"media_overlay_gradient\":\"\"},\"children\":[{\"type\":\"headline\",\"props\":{\"title_element\":\"h1\",\"title_style\":\"h4\",\"title_color\":\"success\",\"text_align\":\"left\",\"content\":\"komiksow\"}},{\"type\":\"button\",\"props\":{\"grid_column_gap\":\"small\",\"grid_row_gap\":\"small\",\"margin\":\"default\"},\"children\":[{\"type\":\"button_item\",\"props\":{\"button_style\":\"primary\",\"icon_align\":\"left\",\"content\":\"\\\"ROZMOWA CZYNI NAS SILNIEJSZYMI\\\"\",\"link\":\"https:\\\/\\\/irene-project.eu\\\/wp-content\\\/uploads\\\/2024\\\/02\\\/IRENE_PR3_COMICS_PL.pdf\",\"link_target\":\"blank\"}}]}]}]}],\"name\":\"News\"}],\"version\":\"3.0.5\"} --><\/p>\n","protected":false},"excerpt":{"rendered":"<p>Magazyny cyfrowe 1. WOLNO\u015a\u0106 BYCIA SOB\u0104 Intro Advance 2. KOMUNIKACJA Intro Advance 3. WZAJEMNY SZACUNEK I OSOBISTE GRANICE Intro Advance 4. ZNACZENIE \u201cCZASU DLA SIEBIE\u201d..<\/p>\n","protected":false},"author":1,"featured_media":0,"parent":0,"menu_order":0,"comment_status":"closed","ping_status":"closed","template":"","meta":{"_acf_changed":false,"inline_featured_image":false,"footnotes":""},"class_list":["post-1160","page","type-page","status-publish","hentry"],"acf":[],"_links":{"self":[{"href":"https:\/\/irene-project.eu\/pl\/wp-json\/wp\/v2\/pages\/1160","targetHints":{"allow":["GET"]}}],"collection":[{"href":"https:\/\/irene-project.eu\/pl\/wp-json\/wp\/v2\/pages"}],"about":[{"href":"https:\/\/irene-project.eu\/pl\/wp-json\/wp\/v2\/types\/page"}],"author":[{"embeddable":true,"href":"https:\/\/irene-project.eu\/pl\/wp-json\/wp\/v2\/users\/1"}],"replies":[{"embeddable":true,"href":"https:\/\/irene-project.eu\/pl\/wp-json\/wp\/v2\/comments?post=1160"}],"version-history":[{"count":7,"href":"https:\/\/irene-project.eu\/pl\/wp-json\/wp\/v2\/pages\/1160\/revisions"}],"predecessor-version":[{"id":2317,"href":"https:\/\/irene-project.eu\/pl\/wp-json\/wp\/v2\/pages\/1160\/revisions\/2317"}],"wp:attachment":[{"href":"https:\/\/irene-project.eu\/pl\/wp-json\/wp\/v2\/media?parent=1160"}],"curies":[{"name":"wp","href":"https:\/\/api.w.org\/{rel}","templated":true}]}}