{"id":732,"date":"2022-02-24T14:11:37","date_gmt":"2022-02-24T14:11:37","guid":{"rendered":"https:\/\/irene-project.eu\/home\/"},"modified":"2024-02-29T08:47:54","modified_gmt":"2024-02-29T08:47:54","slug":"home","status":"publish","type":"page","link":"https:\/\/irene-project.eu\/fr\/","title":{"rendered":"Home"},"content":{"rendered":"<h1>Apprendre en famille \u00e0 promouvoir des relations positives<\/h1>\n<p><img decoding=\"async\" src=\"\/wp-content\/uploads\/2022\/08\/hero-new-1.svg\" alt=\"\"><\/p>\n<h2>\u00c0 propos de<\/h2>\n<div>\n<p>        <img decoding=\"async\" src=\"\/wp-content\/uploads\/2022\/06\/about.svg\" alt=\"\"><\/p>\n<div>\n<p><span>Le projet IRENE est n\u00e9 de la n\u00e9cessit\u00e9 d&rsquo;offrir une r\u00e9ponse multidisciplinaire et multiculturelle aux diff\u00e9rentes formes de violence pouvant survenir dans le cadre familial ; tels que la violence sexiste, la maltraitance des enfants, la violence entre les enfants et les parents ou la maltraitance des personnes \u00e2g\u00e9es.<\/span><\/p>\n<\/div>\n<p><a href=\"\/fr\/about\">Lire la suite<\/a><\/p>\n<\/div>\n<h2>Programme pour les parents<\/h2>\n<div>\n<p>        <img decoding=\"async\" src=\"\/wp-content\/uploads\/2022\/12\/parents.svg\" alt=\"\"><\/p>\n<div>\n<p><span>Le programme pour les parents visant \u00e0 \u00e9tablir des relations familiales positives aborde des sujets li\u00e9s \u00e0<\/span><\/p>\n<ul>\n<li aria-level=\"1\"><span>Gestion des conflits dans la famille<\/span><\/li>\n<li aria-level=\"1\"><span>Construire des relations positives<\/span><\/li>\n<li aria-level=\"1\"><span>Prendre soin de soi<\/span><\/li>\n<\/ul>\n<\/div>\n<p><a href=\"\/fr\/programme-for-parents\/\">Lire la suite<\/a><\/p>\n<\/div>\n<h2>Bo\u00eete \u00e0 outils d&rsquo;apprentissage familial<\/h2>\n<div>\n<p>        <img decoding=\"async\" src=\"\/wp-content\/uploads\/2022\/12\/family.svg\" alt=\"\"><\/p>\n<div>\n<p><span>La bo\u00eete \u00e0 outils d&rsquo;apprentissage familial fournit des ressources d&rsquo;apprentissage adapt\u00e9es \u00e0 l&rsquo;\u00e2ge pour aider les enfants, les adolescents et les adultes \u00e2g\u00e9s de la famille \u00e0 cr\u00e9er une dynamique familiale positive.<\/span><\/p>\n<\/div>\n<p><a href=\"\/fr\/family\/\">Lire la suite<\/a><\/p>\n<\/div>\n<h2>Formation pour les \u00e9ducateurs<\/h2>\n<div>\n<p>        <img decoding=\"async\" src=\"\/wp-content\/uploads\/2022\/06\/handbook.svg\" alt=\"\"><\/p>\n<div>\n<p><span>Gr\u00e2ce \u00e0 la section Formation des \u00e9ducateurs, le soutien familial de premi\u00e8re ligne et les \u00e9ducateurs d&rsquo;adultes des communaut\u00e9s partenaires peuvent d\u00e9velopper les comp\u00e9tences fournies pour fournir la gamme compl\u00e8te de ressources d&rsquo;apprentissage familial gr\u00e2ce \u00e0 notre r\u00e9sultat final de projet &#8211; Programme de formation continue pour les \u00e9ducateurs d&rsquo;adultes.<\/span><\/p>\n<\/div>\n<p><a href=\"\/fr\/programme-for-parents\/\">Lire la suite<\/a><\/p>\n<\/div>\n<h2>Actualit\u00e9s<\/h2>\n<div>\n<\/div>\n<p>\n    <a href=\"\/news\">View all news<\/a>\n<\/p>\n<p><!--more--><br \/>\n<!-- {\"type\":\"layout\",\"children\":[{\"type\":\"section\",\"props\":{\"style\":\"default\",\"width\":\"\",\"vertical_align\":\"middle\",\"title_position\":\"top-left\",\"title_rotation\":\"left\",\"title_breakpoint\":\"xl\",\"image_position\":\"center-center\",\"padding_remove_top\":true},\"children\":[{\"type\":\"row\",\"children\":[{\"type\":\"column\",\"props\":{\"position_sticky_breakpoint\":\"m\",\"image_position\":\"center-center\",\"media_overlay_gradient\":\"\",\"width_medium\":\"\"},\"children\":[{\"type\":\"headline\",\"props\":{\"title_element\":\"h1\",\"title_color\":\"success\",\"content\":\"Apprendre en famille \\u00e0 promouvoir des relations positives\",\"title_style\":\"h2\",\"text_align\":\"center\",\"position\":\"absolute\",\"position_top\":\"60\",\"css\":\".el-element{color:#972686 !important}\\n\\n@media only screen and (max-width:960px) {\\n    .el-element{position:relative !important;\\n    margin-bottom: 60px !important;}\\n}\"}},{\"type\":\"image\",\"props\":{\"margin\":\"default\",\"image_svg_color\":\"emphasis\",\"image\":\"wp-content\\\/uploads\\\/2022\\\/08\\\/hero-new-1.svg\",\"css\":\"svg {width:100%}\"}}]}]}]},{\"type\":\"section\",\"props\":{\"style\":\"default\",\"width\":\"default\",\"vertical_align\":\"middle\",\"title_position\":\"top-left\",\"title_rotation\":\"left\",\"title_breakpoint\":\"xl\",\"image_position\":\"center-center\",\"padding\":\"small\"},\"children\":[{\"type\":\"row\",\"children\":[{\"type\":\"column\",\"props\":{\"position_sticky_breakpoint\":\"m\",\"image_position\":\"center-center\",\"media_overlay_gradient\":\"\"},\"children\":[{\"type\":\"headline\",\"props\":{\"title_element\":\"h2\",\"title_style\":\"h1\",\"title_color\":\"success\",\"text_align\":\"left\",\"content\":\"\\u00c0 propos de\",\"position\":\"relative\",\"position_left\":\"130\",\"class\":\"make-it-center\"}},{\"type\":\"panel\",\"props\":{\"link_text\":\"[readmore_text]\",\"title_hover_style\":\"reset\",\"title_element\":\"h3\",\"title_align\":\"top\",\"title_grid_width\":\"1-2\",\"title_grid_breakpoint\":\"m\",\"meta_style\":\"text-meta\",\"meta_align\":\"below-title\",\"meta_element\":\"div\",\"content_column_breakpoint\":\"m\",\"icon_width\":80,\"image_align\":\"left\",\"image_grid_width\":\"2-5\",\"image_grid_breakpoint\":\"m\",\"image_svg_color\":\"emphasis\",\"link_style\":\"primary\",\"margin\":\"default\",\"title\":\"\",\"content\":\"\n\n<p><span>Le projet IRENE est n\\u00e9 de la n\\u00e9cessit\\u00e9 d'offrir une r\\u00e9ponse multidisciplinaire et multiculturelle aux diff\\u00e9rentes formes de violence pouvant survenir dans le cadre familial ; tels que la violence sexiste, la maltraitance des enfants, la violence entre les enfants et les parents ou la maltraitance des personnes \\u00e2g\\u00e9es.<\\\/span><\\\/p>\",\"image\":\"wp-content\\\/uploads\\\/2022\\\/06\\\/about.svg\",\"title_color\":\"success\",\"link\":\"fr\\\/about\",\"class\":\"panel-right-pink\"},\"name\":\"left-image-panel\"}]}]}]},{\"type\":\"section\",\"props\":{\"style\":\"default\",\"width\":\"default\",\"vertical_align\":\"middle\",\"title_position\":\"top-left\",\"title_rotation\":\"left\",\"title_breakpoint\":\"xl\",\"image_position\":\"center-center\",\"padding\":\"small\",\"status\":\"\"},\"children\":[{\"type\":\"row\",\"children\":[{\"type\":\"column\",\"props\":{\"position_sticky_breakpoint\":\"m\",\"image_position\":\"center-center\",\"media_overlay_gradient\":\"\"},\"children\":[{\"type\":\"headline\",\"props\":{\"title_element\":\"h2\",\"title_style\":\"h1\",\"title_color\":\"success\",\"text_align\":\"left\",\"content\":\"Programme pour les parents\",\"position\":\"relative\",\"position_left\":\"130\",\"class\":\"make-it-center\"}},{\"type\":\"panel\",\"props\":{\"link_text\":\"[readmore_text]\",\"title_hover_style\":\"reset\",\"title_element\":\"h3\",\"title_align\":\"top\",\"title_grid_width\":\"1-2\",\"title_grid_breakpoint\":\"m\",\"meta_style\":\"text-meta\",\"meta_align\":\"below-title\",\"meta_element\":\"div\",\"content_column_breakpoint\":\"m\",\"icon_width\":80,\"image_align\":\"right\",\"image_grid_width\":\"2-5\",\"image_grid_breakpoint\":\"m\",\"image_svg_color\":\"emphasis\",\"link_style\":\"primary\",\"margin\":\"default\",\"title\":\"\",\"content\":\"\n\n<p><span>Le programme pour les parents visant \\u00e0 \\u00e9tablir des relations familiales positives aborde des sujets li\\u00e9s \\u00e0<\\\/span><\\\/p>\\n\n\n<ul>\\n\n\n<li aria-level=\\\"1\\\"><span>Gestion des conflits dans la famille<\\\/span><\\\/li>\\n\n\n<li aria-level=\\\"1\\\"><span>Construire des relations positives<\\\/span><\\\/li>\\n\n\n<li aria-level=\\\"1\\\"><span>Prendre soin de soi<\\\/span><\\\/li>\\n<\\\/ul>\",\"image\":\"wp-content\\\/uploads\\\/2022\\\/12\\\/parents.svg\",\"title_color\":\"success\",\"link\":\"fr\\\/programme-for-parents\\\/\",\"class\":\"panel-right-pink left-panel-pink \"},\"name\":\"left-image-panel\"}]}]}],\"name\":\"1a\"},{\"type\":\"section\",\"props\":{\"style\":\"default\",\"width\":\"default\",\"vertical_align\":\"middle\",\"title_position\":\"top-left\",\"title_rotation\":\"left\",\"title_breakpoint\":\"xl\",\"image_position\":\"center-center\",\"padding\":\"small\"},\"children\":[{\"type\":\"row\",\"children\":[{\"type\":\"column\",\"props\":{\"position_sticky_breakpoint\":\"m\",\"image_position\":\"center-center\",\"media_overlay_gradient\":\"\"},\"children\":[{\"type\":\"headline\",\"props\":{\"title_element\":\"h2\",\"title_style\":\"h1\",\"title_color\":\"success\",\"text_align\":\"left\",\"content\":\"Bo\\u00eete \\u00e0 outils d'apprentissage familial\",\"position\":\"relative\",\"position_left\":\"130\",\"class\":\"make-it-center\"}},{\"type\":\"panel\",\"props\":{\"link_text\":\"[readmore_text]\",\"title_hover_style\":\"reset\",\"title_element\":\"h3\",\"title_align\":\"top\",\"title_grid_width\":\"1-2\",\"title_grid_breakpoint\":\"m\",\"meta_style\":\"text-meta\",\"meta_align\":\"below-title\",\"meta_element\":\"div\",\"content_column_breakpoint\":\"m\",\"icon_width\":80,\"image_align\":\"left\",\"image_grid_width\":\"2-5\",\"image_grid_breakpoint\":\"m\",\"image_svg_color\":\"emphasis\",\"link_style\":\"primary\",\"margin\":\"default\",\"title\":\"\",\"content\":\"\n\n<p><span>La bo\\u00eete \\u00e0 outils d'apprentissage familial fournit des ressources d'apprentissage adapt\\u00e9es \\u00e0 l'\\u00e2ge pour aider les enfants, les adolescents et les adultes \\u00e2g\\u00e9s de la famille \\u00e0 cr\\u00e9er une dynamique familiale positive.<\\\/span><\\\/p>\",\"image\":\"wp-content\\\/uploads\\\/2022\\\/12\\\/family.svg\",\"title_color\":\"success\",\"link\":\"fr\\\/family\\\/\",\"class\":\"panel-right-pink  \",\"image_width\":\"600\",\"image_alt\":\"\",\"image_height\":\"600\"},\"name\":\"left-image-panel\"}]}]}],\"name\":\"2a\"},{\"type\":\"section\",\"props\":{\"style\":\"default\",\"width\":\"default\",\"vertical_align\":\"middle\",\"title_position\":\"top-left\",\"title_rotation\":\"left\",\"title_breakpoint\":\"xl\",\"image_position\":\"center-center\",\"padding\":\"small\",\"status\":\"\"},\"children\":[{\"type\":\"row\",\"children\":[{\"type\":\"column\",\"props\":{\"position_sticky_breakpoint\":\"m\",\"image_position\":\"center-center\",\"media_overlay_gradient\":\"\"},\"children\":[{\"type\":\"headline\",\"props\":{\"title_element\":\"h2\",\"title_style\":\"h1\",\"title_color\":\"success\",\"text_align\":\"left\",\"content\":\"Formation pour les \\u00e9ducateurs\",\"position\":\"relative\",\"position_left\":\"130\",\"class\":\"make-it-center\"}},{\"type\":\"panel\",\"props\":{\"link_text\":\"[readmore_text]\",\"title_hover_style\":\"reset\",\"title_element\":\"h3\",\"title_align\":\"top\",\"title_grid_width\":\"1-2\",\"title_grid_breakpoint\":\"m\",\"meta_style\":\"text-meta\",\"meta_align\":\"below-title\",\"meta_element\":\"div\",\"content_column_breakpoint\":\"m\",\"icon_width\":80,\"image_align\":\"right\",\"image_grid_width\":\"2-5\",\"image_grid_breakpoint\":\"m\",\"image_svg_color\":\"emphasis\",\"link_style\":\"primary\",\"margin\":\"default\",\"title\":\"\",\"content\":\"\n\n<p><span>Gr\\u00e2ce \\u00e0 la section Formation des \\u00e9ducateurs, le soutien familial de premi\\u00e8re ligne et les \\u00e9ducateurs d'adultes des communaut\\u00e9s partenaires peuvent d\\u00e9velopper les comp\\u00e9tences fournies pour fournir la gamme compl\\u00e8te de ressources d'apprentissage familial gr\\u00e2ce \\u00e0 notre r\\u00e9sultat final de projet - Programme de formation continue pour les \\u00e9ducateurs d'adultes.<\\\/span><\\\/p>\",\"image\":\"wp-content\\\/uploads\\\/2022\\\/06\\\/handbook.svg\",\"title_color\":\"success\",\"link\":\"fr\\\/programme-for-parents\\\/\",\"class\":\"panel-right-pink left-panel-pink \"},\"name\":\"left-image-panel\"}]}]}],\"name\":\"3a\"},{\"type\":\"section\",\"props\":{\"style\":\"default\",\"width\":\"default\",\"vertical_align\":\"middle\",\"title_position\":\"top-left\",\"title_rotation\":\"left\",\"title_breakpoint\":\"xl\",\"image_position\":\"center-center\"},\"children\":[{\"type\":\"row\",\"children\":[{\"type\":\"column\",\"props\":{\"position_sticky_breakpoint\":\"m\",\"image_position\":\"center-center\",\"media_overlay_gradient\":\"\"},\"children\":[]}]}]},{\"type\":\"section\",\"props\":{\"style\":\"default\",\"width\":\"default\",\"vertical_align\":\"middle\",\"title_position\":\"top-left\",\"title_rotation\":\"left\",\"title_breakpoint\":\"xl\",\"image_position\":\"center-center\",\"css\":\".el-section{background-color:#faf4f9}\"},\"children\":[{\"type\":\"row\",\"children\":[{\"type\":\"column\",\"props\":{\"position_sticky_breakpoint\":\"m\",\"image_position\":\"center-center\",\"media_overlay_gradient\":\"\"},\"children\":[{\"type\":\"headline\",\"props\":{\"title_element\":\"h2\",\"title_style\":\"h2\",\"title_color\":\"success\",\"text_align\":\"center\",\"content\":\"[news_header]\"}},{\"type\":\"grid\",\"props\":{\"show_title\":true,\"show_meta\":true,\"show_content\":true,\"show_image\":true,\"show_link\":true,\"grid_default\":\"1\",\"grid_medium\":\"3\",\"filter_style\":\"tab\",\"filter_all\":true,\"filter_position\":\"top\",\"filter_align\":\"left\",\"filter_grid_width\":\"auto\",\"filter_grid_breakpoint\":\"m\",\"title_hover_style\":\"reset\",\"title_element\":\"h3\",\"title_align\":\"top\",\"title_grid_width\":\"1-2\",\"title_grid_breakpoint\":\"m\",\"meta_style\":\"text-meta\",\"meta_align\":\"below-title\",\"meta_element\":\"div\",\"content_column_breakpoint\":\"m\",\"icon_width\":80,\"image_align\":\"top\",\"image_grid_width\":\"1-2\",\"image_grid_breakpoint\":\"m\",\"image_svg_color\":\"emphasis\",\"link_text\":\"\",\"link_style\":\"secondary\",\"margin\":\"default\",\"item_animation\":true,\"panel_style\":\"card-default\",\"class\":\"news-grid\",\"panel_link\":true,\"css\":\".uk-child-width-1-1.uk-child-width-1-3\\\\@m.uk-grid-match.uk-grid {\\n  display: flex;\\n  justify-content: center;\\n}\",\"parallax_easing\":\"1\"},\"children\":[{\"type\":\"grid_item\",\"props\":{\"link_text\":\"\"},\"source\":{\"query\":{\"name\":\"posts.customPosts\",\"arguments\":{\"terms\":[10],\"category_operator\":\"IN\",\"post_tag_operator\":\"IN\",\"users\":[],\"users_operator\":\"IN\",\"offset\":0,\"limit\":10,\"order\":\"date\",\"order_direction\":\"DESC\"}},\"props\":{\"title\":{\"filters\":{\"search\":\"\"},\"name\":\"title\"},\"content\":{\"filters\":{\"search\":\"\"},\"name\":\"excerpt\"},\"image\":{\"filters\":{\"search\":\"\"},\"name\":\"featuredImage.url\"},\"link\":{\"filters\":{\"search\":\"\"},\"name\":\"link\"}}}}]},{\"type\":\"button\",\"props\":{\"grid_column_gap\":\"small\",\"grid_row_gap\":\"small\",\"margin\":\"default\",\"text_align\":\"center\"},\"children\":[{\"type\":\"button_item\",\"props\":{\"button_style\":\"primary\",\"icon_align\":\"left\",\"content\":\"[all_news_header]\",\"link\":\"news\"},\"source\":{\"query\":{\"name\":\"categories.customCategories\",\"arguments\":{\"id\":0,\"offset\":0,\"limit\":10,\"order\":\"term_order\",\"order_direction\":\"ASC\"}},\"props\":{\"_condition\":{\"filters\":{\"condition\":\">\",\"condition_value\":\"2\"},\"name\":\"count\"}}}}]}]}]}]}],\"version\":\"3.0.5\"} --><\/p>\n","protected":false},"excerpt":{"rendered":"<p>Apprendre en famille \u00e0 promouvoir des relations positives \u00c0 propos de Le projet IRENE est n\u00e9 de la n\u00e9cessit\u00e9 d&rsquo;offrir une r\u00e9ponse multidisciplinaire et multiculturelle..<\/p>\n","protected":false},"author":1,"featured_media":0,"parent":0,"menu_order":0,"comment_status":"closed","ping_status":"closed","template":"","meta":{"_acf_changed":false,"inline_featured_image":false,"footnotes":""},"class_list":["post-732","page","type-page","status-publish","hentry"],"acf":[],"_links":{"self":[{"href":"https:\/\/irene-project.eu\/fr\/wp-json\/wp\/v2\/pages\/732","targetHints":{"allow":["GET"]}}],"collection":[{"href":"https:\/\/irene-project.eu\/fr\/wp-json\/wp\/v2\/pages"}],"about":[{"href":"https:\/\/irene-project.eu\/fr\/wp-json\/wp\/v2\/types\/page"}],"author":[{"embeddable":true,"href":"https:\/\/irene-project.eu\/fr\/wp-json\/wp\/v2\/users\/1"}],"replies":[{"embeddable":true,"href":"https:\/\/irene-project.eu\/fr\/wp-json\/wp\/v2\/comments?post=732"}],"version-history":[{"count":13,"href":"https:\/\/irene-project.eu\/fr\/wp-json\/wp\/v2\/pages\/732\/revisions"}],"predecessor-version":[{"id":2052,"href":"https:\/\/irene-project.eu\/fr\/wp-json\/wp\/v2\/pages\/732\/revisions\/2052"}],"wp:attachment":[{"href":"https:\/\/irene-project.eu\/fr\/wp-json\/wp\/v2\/media?parent=732"}],"curies":[{"name":"wp","href":"https:\/\/api.w.org\/{rel}","templated":true}]}}