{"id":1169,"date":"2022-12-01T11:51:05","date_gmt":"2022-12-01T11:51:05","guid":{"rendered":"https:\/\/irene-project.eu\/training-for-educators\/"},"modified":"2024-02-29T11:17:43","modified_gmt":"2024-02-29T11:17:43","slug":"training-for-educators","status":"publish","type":"page","link":"https:\/\/irene-project.eu\/fr\/training-for-educators\/","title":{"rendered":"Formation pour les \u00e9ducateurs"},"content":{"rendered":"<h1>Atelier 1 : Connaissances th\u00e9oriques sur la violence et les abus familiaux en Europe<\/h1>\n<h1>Face \u00e0 face<\/h1>\n<ul>\n<li>\n        <a href=\"https:\/\/irene-project.eu\/wp-content\/uploads\/2024\/02\/IRENE_-Workshop-1_learning-manual-lesson-plan-FR.docx\">Manuel d&rsquo;apprentissage<\/a>\n    <\/li>\n<li>\n        <a href=\"https:\/\/irene-project.eu\/wp-content\/uploads\/2024\/02\/IRENE_Workshop1_FR.pptx\">Pr\u00e9sentation<\/a>\n    <\/li>\n<\/ul>\n<h1>Apprentissage autonome<\/h1>\n<p>\n    <a href=\"https:\/\/irene-project.eu\/wp-content\/uploads\/2024\/02\/self-directed-learning-workshop-1-FR.docx\">Atelier 1 : Connaissances th\u00e9oriques sur la violence et les abus familiaux en Europe<\/a>\n<\/p>\n<h1>Atelier 2\u00a0: Le mod\u00e8le d\u2019apprentissage familial<\/h1>\n<h1>Face \u00e0 face<\/h1>\n<ul>\n<li>\n        <a href=\"https:\/\/irene-project.eu\/wp-content\/uploads\/2024\/02\/IRENE_-Workshop-2_learning-manual-lesson-plan_FR.docx\">Manuel d&rsquo;apprentissage<\/a>\n    <\/li>\n<li>\n        <a href=\"https:\/\/irene-project.eu\/wp-content\/uploads\/2024\/02\/IRENE_Workshop2-_FR.pptx\">Pr\u00e9sentation<\/a>\n    <\/li>\n<\/ul>\n<h1>Apprentissage autonome<\/h1>\n<p>\n    <a href=\"https:\/\/irene-project.eu\/wp-content\/uploads\/2024\/02\/Self-directed-learning-workshop-2_FR.docx\">Atelier 2\u00a0: Le mod\u00e8le d\u2019apprentissage familial<\/a>\n<\/p>\n<h1>Atelier 3\u00a0: Je suis capable de cr\u00e9er mes propres bandes dessin\u00e9es et livres audio<\/h1>\n<h1>Face \u00e0 face<\/h1>\n<ul>\n<li>\n        <a href=\"https:\/\/irene-project.eu\/wp-content\/uploads\/2024\/02\/IRENE_-Workshop-3_learning-manual-lesson-plan_VF_GSVO.docx\">Manuel d&rsquo;apprentissage<\/a>\n    <\/li>\n<li>\n        <a href=\"https:\/\/irene-project.eu\/wp-content\/uploads\/2024\/02\/IRENE_Workshop-3_FR.pptx\">Pr\u00e9sentation<\/a>\n    <\/li>\n<\/ul>\n<h1>Apprentissage autonome<\/h1>\n<ul>\n<li>\n        <a href=\"https:\/\/irene-project.eu\/wp-content\/uploads\/2024\/02\/self-directed-learning-workshop-3-Comicbook-1_FR.docx\">Comicbook<\/a>\n    <\/li>\n<li>\n        <a href=\"https:\/\/irene-project.eu\/wp-content\/uploads\/2024\/02\/self-directed-learning-workshop-3-Audiobook-2_FR.docx\">Audiobook<\/a>\n    <\/li>\n<\/ul>\n<p><!--more--><br \/>\n<!-- {\"type\":\"layout\",\"children\":[{\"type\":\"section\",\"props\":{\"style\":\"default\",\"width\":\"default\",\"vertical_align\":\"\",\"title_position\":\"top-left\",\"title_rotation\":\"left\",\"title_breakpoint\":\"xl\",\"image_position\":\"center-center\",\"padding_remove_top\":true,\"height\":\"percent\"},\"children\":[{\"type\":\"row\",\"children\":[{\"type\":\"column\",\"props\":{\"position_sticky_breakpoint\":\"m\",\"image_position\":\"center-center\",\"media_overlay_gradient\":\"\"},\"children\":[{\"type\":\"headline\",\"props\":{\"title_element\":\"h1\",\"title_style\":\"h1\",\"title_color\":\"success\",\"text_align\":\"left\"},\"source\":{\"query\":{\"name\":\"pages.singlePage\"},\"props\":{\"content\":{\"filters\":{\"search\":\"\"},\"name\":\"title\"}}}}]}]},{\"type\":\"row\",\"children\":[{\"type\":\"column\",\"props\":{\"position_sticky_breakpoint\":\"m\",\"image_position\":\"center-center\",\"media_overlay_gradient\":\"\"},\"children\":[{\"type\":\"headline\",\"props\":{\"title_element\":\"h1\",\"title_style\":\"h4\",\"title_color\":\"success\",\"text_align\":\"left\",\"content\":\"Atelier 1 : Connaissances th\\u00e9oriques sur la violence et les abus familiaux en Europe\"}},{\"type\":\"headline\",\"props\":{\"title_element\":\"h1\",\"title_style\":\"h5\",\"title_color\":\"success\",\"text_align\":\"left\",\"content\":\"Face \\u00e0 face\"}},{\"type\":\"button\",\"props\":{\"grid_column_gap\":\"small\",\"grid_row_gap\":\"small\",\"margin\":\"default\"},\"children\":[{\"type\":\"button_item\",\"props\":{\"button_style\":\"primary\",\"icon_align\":\"left\",\"content\":\"Manuel d'apprentissage\",\"link\":\"https:\\\/\\\/irene-project.eu\\\/wp-content\\\/uploads\\\/2024\\\/02\\\/IRENE_-Workshop-1_learning-manual-lesson-plan-FR.docx\",\"link_target\":\"blank\"}},{\"type\":\"button_item\",\"props\":{\"button_style\":\"primary\",\"icon_align\":\"left\",\"content\":\"Pr\\u00e9sentation\",\"link\":\"https:\\\/\\\/irene-project.eu\\\/wp-content\\\/uploads\\\/2024\\\/02\\\/IRENE_Workshop1_FR.pptx\",\"link_target\":\"blank\"}}]},{\"type\":\"headline\",\"props\":{\"title_element\":\"h1\",\"title_style\":\"h5\",\"title_color\":\"success\",\"text_align\":\"left\",\"content\":\"Apprentissage autonome\"}},{\"type\":\"button\",\"props\":{\"grid_column_gap\":\"small\",\"grid_row_gap\":\"small\",\"margin\":\"default\"},\"children\":[{\"type\":\"button_item\",\"props\":{\"button_style\":\"primary\",\"icon_align\":\"left\",\"content\":\"Atelier 1 : Connaissances th\\u00e9oriques sur la violence et les abus familiaux en Europe\",\"link\":\"https:\\\/\\\/irene-project.eu\\\/wp-content\\\/uploads\\\/2024\\\/02\\\/self-directed-learning-workshop-1-FR.docx\",\"link_target\":\"blank\"}}]}]}]},{\"type\":\"row\",\"children\":[{\"type\":\"column\",\"props\":{\"position_sticky_breakpoint\":\"m\",\"image_position\":\"center-center\",\"media_overlay_gradient\":\"\"},\"children\":[{\"type\":\"headline\",\"props\":{\"title_element\":\"h1\",\"title_style\":\"h4\",\"title_color\":\"success\",\"text_align\":\"left\",\"content\":\"Atelier 2\\u00a0: Le mod\\u00e8le d\\u2019apprentissage familial\"}},{\"type\":\"headline\",\"props\":{\"title_element\":\"h1\",\"title_style\":\"h5\",\"title_color\":\"success\",\"text_align\":\"left\",\"content\":\"Face \\u00e0 face\"}},{\"type\":\"button\",\"props\":{\"grid_column_gap\":\"small\",\"grid_row_gap\":\"small\",\"margin\":\"default\"},\"children\":[{\"type\":\"button_item\",\"props\":{\"button_style\":\"primary\",\"icon_align\":\"left\",\"content\":\"Manuel d'apprentissage\",\"link\":\"https:\\\/\\\/irene-project.eu\\\/wp-content\\\/uploads\\\/2024\\\/02\\\/IRENE_-Workshop-2_learning-manual-lesson-plan_FR.docx\",\"link_target\":\"blank\"}},{\"type\":\"button_item\",\"props\":{\"button_style\":\"primary\",\"icon_align\":\"left\",\"content\":\"Pr\\u00e9sentation\",\"link\":\"https:\\\/\\\/irene-project.eu\\\/wp-content\\\/uploads\\\/2024\\\/02\\\/IRENE_Workshop2-_FR.pptx\",\"link_target\":\"blank\"}}]},{\"type\":\"headline\",\"props\":{\"title_element\":\"h1\",\"title_style\":\"h5\",\"title_color\":\"success\",\"text_align\":\"left\",\"content\":\"Apprentissage autonome\"}},{\"type\":\"button\",\"props\":{\"grid_column_gap\":\"small\",\"grid_row_gap\":\"small\",\"margin\":\"default\"},\"children\":[{\"type\":\"button_item\",\"props\":{\"button_style\":\"primary\",\"icon_align\":\"left\",\"content\":\"Atelier 2\\u00a0: Le mod\\u00e8le d\\u2019apprentissage familial\",\"link\":\"https:\\\/\\\/irene-project.eu\\\/wp-content\\\/uploads\\\/2024\\\/02\\\/Self-directed-learning-workshop-2_FR.docx\",\"link_target\":\"blank\"}}]}]}]},{\"type\":\"row\",\"children\":[{\"type\":\"column\",\"props\":{\"position_sticky_breakpoint\":\"m\",\"image_position\":\"center-center\",\"media_overlay_gradient\":\"\"},\"children\":[{\"type\":\"headline\",\"props\":{\"title_element\":\"h1\",\"title_style\":\"h4\",\"title_color\":\"success\",\"text_align\":\"left\",\"content\":\"Atelier 3\\u00a0: Je suis capable de cr\\u00e9er mes propres bandes dessin\\u00e9es et livres audio\"}},{\"type\":\"headline\",\"props\":{\"title_element\":\"h1\",\"title_style\":\"h5\",\"title_color\":\"success\",\"text_align\":\"left\",\"content\":\"Face \\u00e0 face\"}},{\"type\":\"button\",\"props\":{\"grid_column_gap\":\"small\",\"grid_row_gap\":\"small\",\"margin\":\"default\"},\"children\":[{\"type\":\"button_item\",\"props\":{\"button_style\":\"primary\",\"icon_align\":\"left\",\"content\":\"Manuel d'apprentissage\",\"link\":\"https:\\\/\\\/irene-project.eu\\\/wp-content\\\/uploads\\\/2024\\\/02\\\/IRENE_-Workshop-3_learning-manual-lesson-plan_VF_GSVO.docx\",\"link_target\":\"blank\"}},{\"type\":\"button_item\",\"props\":{\"button_style\":\"primary\",\"icon_align\":\"left\",\"content\":\"Pr\\u00e9sentation\",\"link\":\"https:\\\/\\\/irene-project.eu\\\/wp-content\\\/uploads\\\/2024\\\/02\\\/IRENE_Workshop-3_FR.pptx\",\"link_target\":\"blank\"}}]},{\"type\":\"headline\",\"props\":{\"title_element\":\"h1\",\"title_style\":\"h5\",\"title_color\":\"success\",\"text_align\":\"left\",\"content\":\"Apprentissage autonome\"}},{\"type\":\"button\",\"props\":{\"grid_column_gap\":\"small\",\"grid_row_gap\":\"small\",\"margin\":\"default\"},\"children\":[{\"type\":\"button_item\",\"props\":{\"button_style\":\"primary\",\"icon_align\":\"left\",\"content\":\"Comicbook\",\"link_target\":\"blank\",\"link\":\"https:\\\/\\\/irene-project.eu\\\/wp-content\\\/uploads\\\/2024\\\/02\\\/self-directed-learning-workshop-3-Comicbook-1_FR.docx\"}},{\"type\":\"button_item\",\"props\":{\"button_style\":\"primary\",\"icon_align\":\"left\",\"content\":\"Audiobook\",\"link_target\":\"blank\",\"link\":\"https:\\\/\\\/irene-project.eu\\\/wp-content\\\/uploads\\\/2024\\\/02\\\/self-directed-learning-workshop-3-Audiobook-2_FR.docx\"}}]}]}]}],\"name\":\"News\"}],\"version\":\"3.0.5\"} --><\/p>\n","protected":false},"excerpt":{"rendered":"<p>Atelier 1 : Connaissances th\u00e9oriques sur la violence et les abus familiaux en Europe Face \u00e0 face Manuel d&rsquo;apprentissage Pr\u00e9sentation Apprentissage autonome Atelier 1 :..<\/p>\n","protected":false},"author":1,"featured_media":0,"parent":0,"menu_order":0,"comment_status":"closed","ping_status":"closed","template":"","meta":{"_acf_changed":false,"inline_featured_image":false,"footnotes":""},"class_list":["post-1169","page","type-page","status-publish","hentry"],"acf":[],"_links":{"self":[{"href":"https:\/\/irene-project.eu\/fr\/wp-json\/wp\/v2\/pages\/1169","targetHints":{"allow":["GET"]}}],"collection":[{"href":"https:\/\/irene-project.eu\/fr\/wp-json\/wp\/v2\/pages"}],"about":[{"href":"https:\/\/irene-project.eu\/fr\/wp-json\/wp\/v2\/types\/page"}],"author":[{"embeddable":true,"href":"https:\/\/irene-project.eu\/fr\/wp-json\/wp\/v2\/users\/1"}],"replies":[{"embeddable":true,"href":"https:\/\/irene-project.eu\/fr\/wp-json\/wp\/v2\/comments?post=1169"}],"version-history":[{"count":5,"href":"https:\/\/irene-project.eu\/fr\/wp-json\/wp\/v2\/pages\/1169\/revisions"}],"predecessor-version":[{"id":3768,"href":"https:\/\/irene-project.eu\/fr\/wp-json\/wp\/v2\/pages\/1169\/revisions\/3768"}],"wp:attachment":[{"href":"https:\/\/irene-project.eu\/fr\/wp-json\/wp\/v2\/media?parent=1169"}],"curies":[{"name":"wp","href":"https:\/\/api.w.org\/{rel}","templated":true}]}}