{"id":736,"date":"2022-02-24T14:11:37","date_gmt":"2022-02-24T14:11:37","guid":{"rendered":"https:\/\/irene-project.eu\/home\/"},"modified":"2023-10-25T08:35:47","modified_gmt":"2023-10-25T08:35:47","slug":"home","status":"publish","type":"page","link":"https:\/\/irene-project.eu\/es\/","title":{"rendered":"Home"},"content":{"rendered":"<h1>Aprendizaje Familiar para promover Relaciones Positivas<\/h1>\n<p><img decoding=\"async\" src=\"\/wp-content\/uploads\/2022\/08\/hero-new-1.svg\" alt=\"\"><\/p>\n<h2>Acerca del Proyecto<\/h2>\n<div>\n<p>        <img decoding=\"async\" src=\"\/wp-content\/uploads\/2022\/06\/about.svg\" alt=\"\"><\/p>\n<div>\n<p>El proyecto IRENE surge de la necesidad de ofrecer una respuesta multidisciplinar y multicultural a las diferentes formas de violencia que pueden darse en el contexto familiar; como la violencia de g\u00e9nero, el maltrato infantil, la violencia filio-parental o el maltrato a los mayores.<\/p>\n<\/div>\n<p><a href=\"\/es\/about\">Leer m\u00e1s<\/a><\/p>\n<\/div>\n<h2>Programa para padres\/cuidadores<\/h2>\n<div>\n<p>        <img decoding=\"async\" src=\"\/wp-content\/uploads\/2022\/12\/parents.svg\" alt=\"\"><\/p>\n<div>\n<p><span>El Programa para padres para Construir Relaciones Familiares Positivas aborda temas relacionados con:<\/span><\/p>\n<ul>\n<li><span> La gesti\u00f3n de los conflictos en la familia<\/span><\/li>\n<li><span> Construir relaciones positivas<\/span><\/li>\n<li><span> Practicar el autocuidado<\/span><\/li>\n<\/ul>\n<\/div>\n<p><a href=\"\/es\/programme-for-parents\/\">Leer m\u00e1s<\/a><\/p>\n<\/div>\n<h2>Caja de Herramienta de Aprendizaje Familiar<\/h2>\n<div>\n<p>        <img decoding=\"async\" src=\"\/wp-content\/uploads\/2022\/12\/family.svg\" alt=\"\"><\/p>\n<div>\n<p><span>El kit de herramientas de aprendizaje en familia proporciona recursos de aprendizaje adecuados a la edad para ayudar a los ni\u00f1os, adolescentes y adultos mayores de la familia a construir una din\u00e1mica familiar positiva.<\/span><\/p>\n<\/div>\n<p><a href=\"\/es\/family\/\">Leer m\u00e1s<\/a><\/p>\n<\/div>\n<h2>Formaci\u00f3n a Profesionales<\/h2>\n<div>\n<p>        <img decoding=\"async\" src=\"\/wp-content\/uploads\/2022\/06\/handbook.svg\" alt=\"\"><\/p>\n<div>\n<p><span>A trav\u00e9s de la secci\u00f3n de Formaci\u00f3n de Educadores, los profesionales de primera l\u00ednea y los educadores de adultos pueden desarrollar las habilidades proporcionadas para ofrecer el conjunto completo de recursos de aprendizaje familiar a trav\u00e9s de nuestro resultado final del proyecto: Programa de Formaci\u00f3n Continua para Educadores de Adultos.<\/span><\/p>\n<\/div>\n<p><a href=\"\/es\/programme-for-parents\/\">Leer m\u00e1s<\/a><\/p>\n<\/div>\n<h2>Noticias<\/h2>\n<div>\n<\/div>\n<p>\n    <a href=\"\/es\/news\">View all news<\/a>\n<\/p>\n<p><!--more--><br \/>\n<!-- {\"type\":\"layout\",\"children\":[{\"type\":\"section\",\"props\":{\"style\":\"default\",\"width\":\"\",\"vertical_align\":\"middle\",\"title_position\":\"top-left\",\"title_rotation\":\"left\",\"title_breakpoint\":\"xl\",\"image_position\":\"center-center\",\"padding_remove_top\":true,\"header_transparent_noplaceholder\":true,\"header_transparent\":\"light\"},\"children\":[{\"type\":\"row\",\"children\":[{\"type\":\"column\",\"props\":{\"position_sticky_breakpoint\":\"m\",\"image_position\":\"center-center\",\"media_overlay_gradient\":\"\",\"width_medium\":\"\"},\"children\":[{\"type\":\"headline\",\"props\":{\"title_element\":\"h1\",\"title_color\":\"success\",\"content\":\"Aprendizaje Familiar para promover Relaciones Positivas\",\"title_style\":\"h2\",\"text_align\":\"center\",\"position\":\"absolute\",\"position_top\":\"60\",\"css\":\".el-element{color:#972686 !important}\\n\\n@media only screen and (max-width:960px) {\\n    .el-element{position:relative !important;\\n    margin-bottom: 60px !important;}\\n}\"}},{\"type\":\"image\",\"props\":{\"margin\":\"default\",\"image_svg_color\":\"emphasis\",\"image\":\"wp-content\\\/uploads\\\/2022\\\/08\\\/hero-new-1.svg\",\"css\":\"svg {width:100%}\"}}]}]}]},{\"type\":\"section\",\"props\":{\"style\":\"default\",\"width\":\"default\",\"vertical_align\":\"middle\",\"title_position\":\"top-left\",\"title_rotation\":\"left\",\"title_breakpoint\":\"xl\",\"image_position\":\"center-center\",\"padding\":\"small\"},\"children\":[{\"type\":\"row\",\"children\":[{\"type\":\"column\",\"props\":{\"position_sticky_breakpoint\":\"m\",\"image_position\":\"center-center\",\"media_overlay_gradient\":\"\"},\"children\":[{\"type\":\"headline\",\"props\":{\"title_element\":\"h2\",\"title_style\":\"h1\",\"title_color\":\"success\",\"text_align\":\"left\",\"content\":\"Acerca del Proyecto\",\"position\":\"relative\",\"position_left\":\"130\",\"class\":\"make-it-center\"}},{\"type\":\"panel\",\"props\":{\"link_text\":\"[readmore_text]\",\"title_hover_style\":\"reset\",\"title_element\":\"h3\",\"title_align\":\"top\",\"title_grid_width\":\"1-2\",\"title_grid_breakpoint\":\"m\",\"meta_style\":\"text-meta\",\"meta_align\":\"below-title\",\"meta_element\":\"div\",\"content_column_breakpoint\":\"m\",\"icon_width\":80,\"image_align\":\"left\",\"image_grid_width\":\"2-5\",\"image_grid_breakpoint\":\"m\",\"image_svg_color\":\"emphasis\",\"link_style\":\"primary\",\"margin\":\"default\",\"title\":\"\",\"content\":\"\n\n<p>El proyecto IRENE surge de la necesidad de ofrecer una respuesta multidisciplinar y multicultural a las diferentes formas de violencia que pueden darse en el contexto familiar; como la violencia de g\\u00e9nero, el maltrato infantil, la violencia filio-parental o el maltrato a los mayores.<\\\/p>\",\"image\":\"wp-content\\\/uploads\\\/2022\\\/06\\\/about.svg\",\"title_color\":\"success\",\"link\":\"es\\\/about\",\"class\":\"panel-right-pink\"},\"name\":\"left-image-panel\"}]}]}]},{\"type\":\"section\",\"props\":{\"style\":\"default\",\"width\":\"default\",\"vertical_align\":\"middle\",\"title_position\":\"top-left\",\"title_rotation\":\"left\",\"title_breakpoint\":\"xl\",\"image_position\":\"center-center\",\"padding\":\"small\",\"status\":\"\"},\"children\":[{\"type\":\"row\",\"children\":[{\"type\":\"column\",\"props\":{\"position_sticky_breakpoint\":\"m\",\"image_position\":\"center-center\",\"media_overlay_gradient\":\"\"},\"children\":[{\"type\":\"headline\",\"props\":{\"title_element\":\"h2\",\"title_style\":\"h1\",\"title_color\":\"success\",\"text_align\":\"left\",\"content\":\"Programa para padres\\\/cuidadores\",\"position\":\"relative\",\"position_left\":\"130\",\"class\":\"make-it-center\"}},{\"type\":\"panel\",\"props\":{\"link_text\":\"[readmore_text]\",\"title_hover_style\":\"reset\",\"title_element\":\"h3\",\"title_align\":\"top\",\"title_grid_width\":\"1-2\",\"title_grid_breakpoint\":\"m\",\"meta_style\":\"text-meta\",\"meta_align\":\"below-title\",\"meta_element\":\"div\",\"content_column_breakpoint\":\"m\",\"icon_width\":80,\"image_align\":\"right\",\"image_grid_width\":\"2-5\",\"image_grid_breakpoint\":\"m\",\"image_svg_color\":\"emphasis\",\"link_style\":\"primary\",\"margin\":\"default\",\"title\":\"\",\"content\":\"\n\n<p><span>El Programa para padres para Construir Relaciones Familiares Positivas aborda temas relacionados con:<\\\/span><\\\/p>\\n\n\n<ul>\\n\n\n<li><span> La gesti\\u00f3n de los conflictos en la familia<\\\/span><\\\/li>\\n\n\n<li><span> Construir relaciones positivas<\\\/span><\\\/li>\\n\n\n<li><span> Practicar el autocuidado<\\\/span><\\\/li>\\n<\\\/ul>\",\"image\":\"wp-content\\\/uploads\\\/2022\\\/12\\\/parents.svg\",\"title_color\":\"success\",\"link\":\"es\\\/programme-for-parents\\\/\",\"class\":\"panel-right-pink left-panel-pink \"},\"name\":\"left-image-panel\"}]}]}],\"name\":\"1a\"},{\"type\":\"section\",\"props\":{\"style\":\"default\",\"width\":\"default\",\"vertical_align\":\"middle\",\"title_position\":\"top-left\",\"title_rotation\":\"left\",\"title_breakpoint\":\"xl\",\"image_position\":\"center-center\",\"padding\":\"small\"},\"children\":[{\"type\":\"row\",\"children\":[{\"type\":\"column\",\"props\":{\"position_sticky_breakpoint\":\"m\",\"image_position\":\"center-center\",\"media_overlay_gradient\":\"\"},\"children\":[{\"type\":\"headline\",\"props\":{\"title_element\":\"h2\",\"title_style\":\"h1\",\"title_color\":\"success\",\"text_align\":\"left\",\"content\":\"Caja de Herramienta de Aprendizaje Familiar\",\"position\":\"relative\",\"position_left\":\"130\",\"class\":\"make-it-center\"}},{\"type\":\"panel\",\"props\":{\"link_text\":\"[readmore_text]\",\"title_hover_style\":\"reset\",\"title_element\":\"h3\",\"title_align\":\"top\",\"title_grid_width\":\"1-2\",\"title_grid_breakpoint\":\"m\",\"meta_style\":\"text-meta\",\"meta_align\":\"below-title\",\"meta_element\":\"div\",\"content_column_breakpoint\":\"m\",\"icon_width\":80,\"image_align\":\"left\",\"image_grid_width\":\"2-5\",\"image_grid_breakpoint\":\"m\",\"image_svg_color\":\"emphasis\",\"link_style\":\"primary\",\"margin\":\"default\",\"title\":\"\",\"content\":\"\n\n<p><span>El kit de herramientas de aprendizaje en familia proporciona recursos de aprendizaje adecuados a la edad para ayudar a los ni\\u00f1os, adolescentes y adultos mayores de la familia a construir una din\\u00e1mica familiar positiva.<\\\/span><\\\/p>\",\"image\":\"wp-content\\\/uploads\\\/2022\\\/12\\\/family.svg\",\"title_color\":\"success\",\"link\":\"es\\\/family\\\/\",\"class\":\"panel-right-pink \",\"image_width\":\"600\",\"image_alt\":\"\",\"image_height\":\"600\"},\"name\":\"left-image-panel\"}]}]}],\"name\":\"2a\"},{\"type\":\"section\",\"props\":{\"style\":\"default\",\"width\":\"default\",\"vertical_align\":\"middle\",\"title_position\":\"top-left\",\"title_rotation\":\"left\",\"title_breakpoint\":\"xl\",\"image_position\":\"center-center\",\"padding\":\"small\",\"status\":\"\"},\"children\":[{\"type\":\"row\",\"children\":[{\"type\":\"column\",\"props\":{\"position_sticky_breakpoint\":\"m\",\"image_position\":\"center-center\",\"media_overlay_gradient\":\"\"},\"children\":[{\"type\":\"headline\",\"props\":{\"title_element\":\"h2\",\"title_style\":\"h1\",\"title_color\":\"success\",\"text_align\":\"left\",\"content\":\"Formaci\\u00f3n a Profesionales\",\"position\":\"relative\",\"position_left\":\"130\",\"class\":\"make-it-center\"}},{\"type\":\"panel\",\"props\":{\"link_text\":\"[readmore_text]\",\"title_hover_style\":\"reset\",\"title_element\":\"h3\",\"title_align\":\"top\",\"title_grid_width\":\"1-2\",\"title_grid_breakpoint\":\"m\",\"meta_style\":\"text-meta\",\"meta_align\":\"below-title\",\"meta_element\":\"div\",\"content_column_breakpoint\":\"m\",\"icon_width\":80,\"image_align\":\"right\",\"image_grid_width\":\"2-5\",\"image_grid_breakpoint\":\"m\",\"image_svg_color\":\"emphasis\",\"link_style\":\"primary\",\"margin\":\"default\",\"title\":\"\",\"content\":\"\n\n<p><span>A trav\\u00e9s de la secci\\u00f3n de Formaci\\u00f3n de Educadores, los profesionales de primera l\\u00ednea y los educadores de adultos pueden desarrollar las habilidades proporcionadas para ofrecer el conjunto completo de recursos de aprendizaje familiar a trav\\u00e9s de nuestro resultado final del proyecto: Programa de Formaci\\u00f3n Continua para Educadores de Adultos.<\\\/span><\\\/p>\",\"image\":\"wp-content\\\/uploads\\\/2022\\\/06\\\/handbook.svg\",\"title_color\":\"success\",\"link\":\"es\\\/programme-for-parents\\\/\",\"class\":\"panel-right-pink left-panel-pink\"},\"name\":\"left-image-panel\"}]}]}],\"name\":\"3a\"},{\"type\":\"section\",\"props\":{\"style\":\"default\",\"width\":\"default\",\"vertical_align\":\"middle\",\"title_position\":\"top-left\",\"title_rotation\":\"left\",\"title_breakpoint\":\"xl\",\"image_position\":\"center-center\",\"css\":\".el-section{background-color:#faf4f9}\"},\"children\":[{\"type\":\"row\",\"children\":[{\"type\":\"column\",\"props\":{\"position_sticky_breakpoint\":\"m\",\"image_position\":\"center-center\",\"media_overlay_gradient\":\"\"},\"children\":[{\"type\":\"headline\",\"props\":{\"title_element\":\"h2\",\"title_style\":\"h2\",\"title_color\":\"success\",\"text_align\":\"center\",\"content\":\"[news_header]\"}},{\"type\":\"grid\",\"props\":{\"show_title\":true,\"show_meta\":true,\"show_content\":true,\"show_image\":true,\"show_link\":true,\"grid_default\":\"1\",\"grid_medium\":\"3\",\"filter_style\":\"tab\",\"filter_all\":true,\"filter_position\":\"top\",\"filter_align\":\"left\",\"filter_grid_width\":\"auto\",\"filter_grid_breakpoint\":\"m\",\"title_hover_style\":\"reset\",\"title_element\":\"h3\",\"title_align\":\"top\",\"title_grid_width\":\"1-2\",\"title_grid_breakpoint\":\"m\",\"meta_style\":\"text-meta\",\"meta_align\":\"below-title\",\"meta_element\":\"div\",\"content_column_breakpoint\":\"m\",\"icon_width\":80,\"image_align\":\"top\",\"image_grid_width\":\"1-2\",\"image_grid_breakpoint\":\"m\",\"image_svg_color\":\"emphasis\",\"link_text\":\"\",\"link_style\":\"secondary\",\"margin\":\"default\",\"item_animation\":true,\"panel_style\":\"card-default\",\"class\":\"news-grid\",\"panel_link\":true,\"css\":\".uk-child-width-1-1.uk-child-width-1-3\\\\@m.uk-grid-match.uk-grid {\\n  display: flex;\\n  justify-content: center;\\n}\",\"parallax_easing\":\"1\"},\"children\":[{\"type\":\"grid_item\",\"props\":{\"link_text\":\"\"},\"source\":{\"query\":{\"name\":\"posts.customPosts\",\"arguments\":{\"terms\":[10],\"category_operator\":\"IN\",\"post_tag_operator\":\"IN\",\"users\":[],\"users_operator\":\"IN\",\"offset\":0,\"limit\":10,\"order\":\"date\",\"order_direction\":\"DESC\"}},\"props\":{\"title\":{\"filters\":{\"search\":\"\"},\"name\":\"title\"},\"content\":{\"filters\":{\"search\":\"\"},\"name\":\"excerpt\"},\"image\":{\"filters\":{\"search\":\"\"},\"name\":\"featuredImage.url\"},\"link\":{\"filters\":{\"search\":\"\"},\"name\":\"link\"}}}}]},{\"type\":\"button\",\"props\":{\"grid_column_gap\":\"small\",\"grid_row_gap\":\"small\",\"margin\":\"default\",\"text_align\":\"center\"},\"children\":[{\"type\":\"button_item\",\"props\":{\"button_style\":\"primary\",\"icon_align\":\"left\",\"content\":\"[all_news_header]\",\"link\":\"es\\\/news\"},\"source\":{\"query\":{\"name\":\"categories.customCategories\",\"arguments\":{\"id\":0,\"offset\":0,\"limit\":10,\"order\":\"term_order\",\"order_direction\":\"ASC\"}},\"props\":{\"_condition\":{\"filters\":{\"condition\":\">\",\"condition_value\":\"2\"},\"name\":\"count\"}}}}]}]}]}]},{\"type\":\"section\",\"props\":{\"style\":\"default\",\"width\":\"default\",\"vertical_align\":\"middle\",\"title_position\":\"top-left\",\"title_rotation\":\"left\",\"title_breakpoint\":\"xl\",\"image_position\":\"center-center\"},\"children\":[{\"type\":\"row\",\"children\":[{\"type\":\"column\",\"props\":{\"position_sticky_breakpoint\":\"m\",\"image_position\":\"center-center\",\"media_overlay_gradient\":\"\"},\"children\":[]}]}]}],\"version\":\"3.0.5\"} --><\/p>\n","protected":false},"excerpt":{"rendered":"<p>Aprendizaje Familiar para promover Relaciones Positivas Acerca del Proyecto El proyecto IRENE surge de la necesidad de ofrecer una respuesta multidisciplinar y multicultural a las..<\/p>\n","protected":false},"author":1,"featured_media":0,"parent":0,"menu_order":0,"comment_status":"closed","ping_status":"closed","template":"","meta":{"_acf_changed":false,"inline_featured_image":false,"footnotes":""},"class_list":["post-736","page","type-page","status-publish","hentry"],"acf":[],"_links":{"self":[{"href":"https:\/\/irene-project.eu\/es\/wp-json\/wp\/v2\/pages\/736","targetHints":{"allow":["GET"]}}],"collection":[{"href":"https:\/\/irene-project.eu\/es\/wp-json\/wp\/v2\/pages"}],"about":[{"href":"https:\/\/irene-project.eu\/es\/wp-json\/wp\/v2\/types\/page"}],"author":[{"embeddable":true,"href":"https:\/\/irene-project.eu\/es\/wp-json\/wp\/v2\/users\/1"}],"replies":[{"embeddable":true,"href":"https:\/\/irene-project.eu\/es\/wp-json\/wp\/v2\/comments?post=736"}],"version-history":[{"count":15,"href":"https:\/\/irene-project.eu\/es\/wp-json\/wp\/v2\/pages\/736\/revisions"}],"predecessor-version":[{"id":1884,"href":"https:\/\/irene-project.eu\/es\/wp-json\/wp\/v2\/pages\/736\/revisions\/1884"}],"wp:attachment":[{"href":"https:\/\/irene-project.eu\/es\/wp-json\/wp\/v2\/media?parent=736"}],"curies":[{"name":"wp","href":"https:\/\/api.w.org\/{rel}","templated":true}]}}